{"id":1982,"date":"2020-05-20T14:42:40","date_gmt":"2020-05-20T12:42:40","guid":{"rendered":"https:\/\/stolarija-puric.hr\/?page_id=1982"},"modified":"2020-05-20T21:02:48","modified_gmt":"2020-05-20T19:02:48","slug":"politika-zasebnosti","status":"publish","type":"page","link":"https:\/\/stolarija-puric.hr\/sl\/politika-zasebnosti\/","title":{"rendered":"Politika zasebnosti"},"content":{"rendered":"<p>\nObrt STOLARIJA &#8220;PURI\u0106&#8221; (u daljnjem tekstu Obrt STOLARIJA &#8220;PURI\u0106&#8221; ) po\u0161tuje va\u0161u privatnost i temelji svoje internetske stranice na tehnologijama koje pru\u017eaju bolje i sigurnije mre\u017eno iskustvo. Ova Izjava o za\u0161titi privatnosti odnosi se na prikupljanje i obradu va\u0161ih osobnih podataka te primjenu kola\u010di\u0107a (cookies) na internetskim stranicama stolarija-puric.hr (u nastavku: internetske stranice).<\/p>\n<p>Kori\u0161tenjem ovim internetskim stranicama suglasni ste s na\u010dinom prikupljanja i obrade podataka opisanim u ovoj Izjavi te pohranom i pristupom kola\u010di\u0107ima na va\u0161em ure\u0111aju.<\/p>\n<h2>Prikupljanje i obrada osobnih podataka<\/h2>\n<p>Kako bi odr\u017eala funkcionalnost internetskih stranica i omogu\u0107ila usluge koje korisnici tra\u017ee, Obrt STOLARIJA &#8220;PURI\u0106&#8221; na ovom web-mjestu mo\u017ee prikupljati i upotrebljavati osobne podatke korisnika. Putem internetskih stranica stolarija-puric.hr mogu\u0107e je, ovisno o svrsi, prikupljanje va\u0161ih osobnih podataka kao \u0161to su: ime i prezime, adresa e-po\u0161te, telefonski broj\u2026<\/p>\n<p>Upisom osobnih podataka u za to predvi\u0111ena polja dajete privolu da se navedeni podaci upotrebljavaju u svrhu za koju su dani.<\/p>\n<p>Obrt STOLARIJA &#8220;PURI\u0106&#8221; prikuplja podatke o va\u0161em ra\u010dunalu. Ovi podaci mogu uklju\u010divati tip preglednika, vrijeme pristupa i adrese web stranica.<\/p>\n<p>Prikupljene podatke, kao i podatke koje je saznala na osnovi pru\u017eanja usluga klijentima i u obavljanju poslova s pojedina\u010dnim klijentom, Obrt STOLARIJA &#8220;PURI\u0106&#8221; obra\u0111uje u svrhu u koju su isti dani, odnosno u svrhu kori\u0161tenja web stranica i pru\u017eanja \u017eeljenih usluga te kako bi vam pru\u017eila informacije o proizvodima ili uslugama koje mo\u017eete koristiti. Obrt STOLARIJA &#8220;PURI\u0106&#8221; mo\u017ee koristiti navedene podatke kako bi vam pru\u017eila u\u010dinkovitiju korisni\u010dku uslugu, olak\u0161ala kori\u0161tenje web stranica uklanjanjem potrebe za u\u010destalim upisivanjem istih podataka ili za prilagodbu web stranica va\u0161im osobnim sklonostima i interesima.<\/p>\n<p>Obrt STOLARIJA &#8220;PURI\u0106&#8221; ne prodaje, ne iznajmljuje i ne posu\u0111uje popis korisnika svojih stranica tre\u0107im stranama. Uz obvezu zadr\u017eavanja povjerljivosti, Obrt STOLARIJA &#8220;PURI\u0106&#8221; mo\u017ee dijeliti podatke s pouzdanim partnerima za odre\u0111ene svrhe: izradu statisti\u010dke analize, omogu\u0107ivanje korisni\u010dke potpore ili sli\u010dne potrebe. Svakoj takvoj tre\u0107oj strani zabranjena je daljnja obrada va\u0161ih osobnih podataka.<\/p>\n<p>Ovime vas Obrt STOLARIJA &#8220;PURI\u0106&#8221; ujedno informira da imate pravo na pristup svim danim osobnim podacima, kao i na njihov ispravak, pravo naknadno odustati od prethodno danih suglasnosti, djelomi\u010dno ili u cijelosti, kao i pravo usprotiviti se obradi osobnih podataka u svrhe pru\u017eanja informacija o proizvodima ili uslugama.<br \/>\nSigurnost va\u0161ih osobnih podataka<br \/>\nInternetska stranica stolarija-puric.hr \u0161titi va\u0161e osobne podatke od neovla\u0161tenog pristupa, upotrebe ili odavanja. Podaci na ra\u010dunalnim poslu\u017eiteljima pohranjuju se u kontroliranom, sigurnom okru\u017eenju, za\u0161ti\u0107enom od neovla\u0161tenog pristupa, upotrebe ili odavanja.<\/p>\n<h2>Primjena kola\u010di\u0107a<\/h2>\n<p>Na internetskim stranicama stolarija-puric.hr primjenjuju se tzv. kola\u010di\u0107i (cookies) \u2013 tekstualne datoteke koje na ra\u010dunalo korisnika smje\u0161ta internetski poslu\u017eitelj kojim se korisnik koristi.<\/p>\n<p>Datoteke nastaju kada preglednik na ure\u0111aju korisnika u\u010dita posje\u0107eno mre\u017eno odredi\u0161te, koje potom \u0161alje podatke pregledniku te izra\u0111uje tekstualnu datoteku (kola\u010di\u0107). Preglednik dohva\u0107a i \u0161alje datoteku na poslu\u017eitelj mre\u017enog odredi\u0161ta (mjesta, stranice) prilikom povratka korisnika na njega.<\/p>\n<p>Kola\u010di\u0107i se upotrebljavaju za funkcioniranje svih zna\u010dajki internetskih stranica i bolje korisni\u010dko iskustvo, a mogu biti privremeni (pohranjuju se samo tijekom posjeta internetskim stranicama) ili trajni (na ra\u010dunalu korisnika ostaju pohranjeni i nakon posjeta).<\/p>\n<p>Kola\u010di\u0107ima tre\u0107ih strana stolarija-puric.hr koristi se za dobivanje statisti\u010dkih podataka o posje\u0107enosti i na\u010dinu upotrebe na\u0161ih internetskih stranica. Podaci koji se prikupljaju uklju\u010duju podatke o pregledniku, jeziku, operativnom sustavu i druge standardne podatke koji se prikupljaju i analiziraju isklju\u010divo u anonimnom i masovnom obliku.<\/p>\n<p>Stranica stolarija-puric.hr slu\u017ei se statistikom Google Analytics, a pravila o kola\u010di\u0107ima tre\u0107e strane potra\u017eite na Google Analytics. Podatke o tome kako se korisnici koriste na\u0161om internetskom stranicom povremeno mo\u017eemo prikupljati koriste\u0107i se i drugim alatima sli\u010dnima usluzi Google Analytics.<\/p>\n<h2>Sprje\u010davanje kola\u010di\u0107a<\/h2>\n<p>Ako niste suglasni s njihovom upotrebom, kola\u010di\u0107e mo\u017eete lako izbrisati (ili sprije\u010diti) na svojem ra\u010dunalu ili mobilnom ure\u0111aju s pomo\u0107u postavki preglednika kojim se koristite.<\/p>\n<p>Vi\u0161e informacija o upravljanju kola\u010di\u0107ima potra\u017eite na stranicama preglednika kojim se koristite ili na www.allaboutcookies.org.<\/p>\n<p>Budu\u0107i da je svrha kola\u010di\u0107a pobolj\u0161anje i omogu\u0107ivanje upotrebe na\u0161ih internetskih stranica i njihovih procesa, imajte na umu da sprje\u010davanjem ili brisanjem kola\u010di\u0107a mo\u017eete onemogu\u0107iti funkcioniranje tih zna\u010dajki ili prouzro\u010diti njihov druga\u010diji rad i izgled u va\u0161em pregledniku.<br \/>\nAnaliza internetske stranice<br \/>\nNa na\u0161oj internetskoj stranici koristimo Google Analytics, uslugu Web analize tvrtke Google Inc., 1600 Amphitheatre Parkway, Mountain View, CA 94043, Sjedinjene Ameri\u010dke Dr\u017eave (\u201cGoogle\u201d).<\/p>\n<p>Google u na\u0161e ime analizira Va\u0161e kori\u0161tenje na\u0161e internetske stranice. U tu svrhu koristimo kola\u010di\u0107e koji su detaljnije opisani u gornjoj tablici. Informacije koje Google prikupi vezane uz Va\u0161e kori\u0161tenje na\u0161e internetske stranice (npr. polazni URL, na\u0161e stranice koje ste posjetili, preglednik koji ste koristili, Va\u0161e postavke jezika, Va\u0161 operacijski sustav, razlu\u010divost Va\u0161eg prikaza) prenose se na Googleov poslu\u017eitelj u SAD-u, gdje se pohranjuju i analiziraju. Nama se stavlja na raspolaganje rezultat u anonimnom obliku. Podaci o Va\u0161em kori\u0161tenju pritom nisu povezani s Va\u0161om punom IP adresom. Na na\u0161oj smo internet stranici aktivirali od Googlea ponu\u0111enu funkciju IP anonimizacije, tako da se zadnjih 8 brojaka (tip Ipv4) odnosno zadnjih 80 brojaka (tip Ipv6) Va\u0161e IP adrese bri\u0161e. Nadalje, Google je certificiran pod EU-SAD \u0160titom privatnosti, koji osigurava da se na obradu podataka od strane Googlea u Americi primjenjuje odgovaraju\u0107a razina za\u0161tite podataka.<\/p>\n<p>Va\u0161u privolu za Web analizu mo\u017eete povu\u0107i u bilo kojem trenutku, tako \u0161to \u0107ete preuzeti i instalirati dostupni Googleov dodatak za preglednik.<\/p>\n<p>Vi\u0161e informacija o Google Analyticsu dostupno je u Uvjetima kori\u0161tenja Google Analyticsa, u Smjernicama za za\u0161titu privatnosti podataka Google Analyticsa i u Googleovoj Izjavi o privatnosti.<br \/>\nPohrana i rok \u010duvanja podataka<br \/>\nSvi podaci su pohranjeni u bazama podataka i repozitorijima Totohost servera u Berlinu, Njema\u010dka. Pohranjene podatke ne\u0107emo prenijeti ili pohraniti u dr\u017eave izvan Europske Unije.<\/p>\n<p>Va\u0161e osobne podatke \u010duvamo i \u0161titimo za vrijeme trajanja Va\u0161eg poslovnog odnosa s nama. Osobne podatke koje ste nam dali u poslovne ili kontaktne svrhe redovito bri\u0161emo nakon 12 mjeseci od dana kad ste nam dali te podatke.<br \/>\nVa\u0161a privola<br \/>\nKori\u0161tenjem ove web stranice dajete privolu na ovu politiku privatnosti.<\/p>\n<h2>Promjene na\u0161e politike privatnosti<\/h2>\n<p>U slu\u010daju promjena na\u0161e politike privatnosti obavijestit \u0107emo Vas o tome na ovoj stranici i a\u017eurirati datum izmjene politike privatnosti dolje kako slijedi.<\/p>\n<p>Ova politika privatnosti je zadnji put izmijenjena 27.12.2019. godine.<br \/>\nInformacije za kontakt<br \/>\nObrt STOLARIJA &#8220;PURI\u0106&#8221; rado \u0107e primiti va\u0161e komentare i sugestije u vezi s ovom Izjavom, kao i ostale primjedbe. Mo\u017eete nam se obratiti na: kontakt@stolarija-puric.hr.<\/p>\n","protected":false},"excerpt":{"rendered":"<p>Obrt STOLARIJA &#8220;PURI\u0106&#8221; (u daljnjem tekstu Obrt STOLARIJA &#8220;PURI\u0106&#8221; ) po\u0161tuje va\u0161u privatnost i temelji svoje internetske stranice na tehnologijama&#8230;<\/p>\n","protected":false},"author":1,"featured_media":0,"parent":0,"menu_order":0,"comment_status":"closed","ping_status":"closed","template":"page-narrow.php","meta":{"_acf_changed":false,"footnotes":""},"class_list":["post-1982","page","type-page","status-publish","hentry"],"acf":[],"yoast_head":"<!-- This site is optimized with the Yoast SEO plugin v27.4 - https:\/\/yoast.com\/product\/yoast-seo-wordpress\/ -->\n<title>Politika zasebnosti - Stolarija Puri\u0107<\/title>\n<meta name=\"robots\" content=\"index, follow, max-snippet:-1, max-image-preview:large, max-video-preview:-1\" \/>\n<link rel=\"canonical\" href=\"https:\/\/stolarija-puric.hr\/sl\/politika-zasebnosti\/\" \/>\n<meta property=\"og:locale\" content=\"sl_SI\" \/>\n<meta property=\"og:type\" content=\"article\" \/>\n<meta property=\"og:title\" content=\"Politika zasebnosti - Stolarija Puri\u0107\" \/>\n<meta property=\"og:description\" content=\"Obrt STOLARIJA &#8220;PURI\u0106&#8221; (u daljnjem tekstu Obrt STOLARIJA &#8220;PURI\u0106&#8221; ) po\u0161tuje va\u0161u privatnost i temelji svoje internetske stranice na tehnologijama...\" \/>\n<meta property=\"og:url\" content=\"https:\/\/stolarija-puric.hr\/sl\/politika-zasebnosti\/\" \/>\n<meta property=\"og:site_name\" content=\"Stolarija Puri\u0107\" \/>\n<meta property=\"article:publisher\" content=\"https:\/\/www.facebook.com\/stolarija.puric\" \/>\n<meta property=\"article:modified_time\" content=\"2020-05-20T19:02:48+00:00\" \/>\n<meta property=\"og:image\" content=\"https:\/\/stolarija-puric.hr\/wp-content\/uploads\/2020\/04\/klizna-stijena-13.jpg\" \/>\n\t<meta property=\"og:image:width\" content=\"1200\" \/>\n\t<meta property=\"og:image:height\" content=\"675\" \/>\n\t<meta property=\"og:image:type\" content=\"image\/jpeg\" \/>\n<meta name=\"twitter:card\" content=\"summary_large_image\" \/>\n<script type=\"application\/ld+json\" class=\"yoast-schema-graph\">{\"@context\":\"https:\\\/\\\/schema.org\",\"@graph\":[{\"@type\":\"WebPage\",\"@id\":\"https:\\\/\\\/stolarija-puric.hr\\\/sl\\\/politika-zasebnosti\\\/\",\"url\":\"https:\\\/\\\/stolarija-puric.hr\\\/sl\\\/politika-zasebnosti\\\/\",\"name\":\"Politika zasebnosti - Stolarija Puri\u0107\",\"isPartOf\":{\"@id\":\"https:\\\/\\\/stolarija-puric.hr\\\/sl\\\/#website\"},\"datePublished\":\"2020-05-20T12:42:40+00:00\",\"dateModified\":\"2020-05-20T19:02:48+00:00\",\"breadcrumb\":{\"@id\":\"https:\\\/\\\/stolarija-puric.hr\\\/sl\\\/politika-zasebnosti\\\/#breadcrumb\"},\"inLanguage\":\"sl-SI\",\"potentialAction\":[{\"@type\":\"ReadAction\",\"target\":[\"https:\\\/\\\/stolarija-puric.hr\\\/sl\\\/politika-zasebnosti\\\/\"]}]},{\"@type\":\"BreadcrumbList\",\"@id\":\"https:\\\/\\\/stolarija-puric.hr\\\/sl\\\/politika-zasebnosti\\\/#breadcrumb\",\"itemListElement\":[{\"@type\":\"ListItem\",\"position\":1,\"name\":\"Domov\",\"item\":\"https:\\\/\\\/stolarija-puric.hr\\\/sl\\\/\"},{\"@type\":\"ListItem\",\"position\":2,\"name\":\"Politika zasebnosti\"}]},{\"@type\":\"WebSite\",\"@id\":\"https:\\\/\\\/stolarija-puric.hr\\\/sl\\\/#website\",\"url\":\"https:\\\/\\\/stolarija-puric.hr\\\/sl\\\/\",\"name\":\"Stolarija Puri\u0107\",\"description\":\"Pola stolje\u0107a vama na usluzi\",\"potentialAction\":[{\"@type\":\"SearchAction\",\"target\":{\"@type\":\"EntryPoint\",\"urlTemplate\":\"https:\\\/\\\/stolarija-puric.hr\\\/sl\\\/?s={search_term_string}\"},\"query-input\":{\"@type\":\"PropertyValueSpecification\",\"valueRequired\":true,\"valueName\":\"search_term_string\"}}],\"inLanguage\":\"sl-SI\"}]}<\/script>\n<!-- \/ Yoast SEO plugin. -->","yoast_head_json":{"title":"Politika zasebnosti - Stolarija Puri\u0107","robots":{"index":"index","follow":"follow","max-snippet":"max-snippet:-1","max-image-preview":"max-image-preview:large","max-video-preview":"max-video-preview:-1"},"canonical":"https:\/\/stolarija-puric.hr\/sl\/politika-zasebnosti\/","og_locale":"sl_SI","og_type":"article","og_title":"Politika zasebnosti - Stolarija Puri\u0107","og_description":"Obrt STOLARIJA &#8220;PURI\u0106&#8221; (u daljnjem tekstu Obrt STOLARIJA &#8220;PURI\u0106&#8221; ) po\u0161tuje va\u0161u privatnost i temelji svoje internetske stranice na tehnologijama...","og_url":"https:\/\/stolarija-puric.hr\/sl\/politika-zasebnosti\/","og_site_name":"Stolarija Puri\u0107","article_publisher":"https:\/\/www.facebook.com\/stolarija.puric","article_modified_time":"2020-05-20T19:02:48+00:00","og_image":[{"width":1200,"height":675,"url":"https:\/\/stolarija-puric.hr\/wp-content\/uploads\/2020\/04\/klizna-stijena-13.jpg","type":"image\/jpeg"}],"twitter_card":"summary_large_image","schema":{"@context":"https:\/\/schema.org","@graph":[{"@type":"WebPage","@id":"https:\/\/stolarija-puric.hr\/sl\/politika-zasebnosti\/","url":"https:\/\/stolarija-puric.hr\/sl\/politika-zasebnosti\/","name":"Politika zasebnosti - Stolarija Puri\u0107","isPartOf":{"@id":"https:\/\/stolarija-puric.hr\/sl\/#website"},"datePublished":"2020-05-20T12:42:40+00:00","dateModified":"2020-05-20T19:02:48+00:00","breadcrumb":{"@id":"https:\/\/stolarija-puric.hr\/sl\/politika-zasebnosti\/#breadcrumb"},"inLanguage":"sl-SI","potentialAction":[{"@type":"ReadAction","target":["https:\/\/stolarija-puric.hr\/sl\/politika-zasebnosti\/"]}]},{"@type":"BreadcrumbList","@id":"https:\/\/stolarija-puric.hr\/sl\/politika-zasebnosti\/#breadcrumb","itemListElement":[{"@type":"ListItem","position":1,"name":"Domov","item":"https:\/\/stolarija-puric.hr\/sl\/"},{"@type":"ListItem","position":2,"name":"Politika zasebnosti"}]},{"@type":"WebSite","@id":"https:\/\/stolarija-puric.hr\/sl\/#website","url":"https:\/\/stolarija-puric.hr\/sl\/","name":"Stolarija Puri\u0107","description":"Pola stolje\u0107a vama na usluzi","potentialAction":[{"@type":"SearchAction","target":{"@type":"EntryPoint","urlTemplate":"https:\/\/stolarija-puric.hr\/sl\/?s={search_term_string}"},"query-input":{"@type":"PropertyValueSpecification","valueRequired":true,"valueName":"search_term_string"}}],"inLanguage":"sl-SI"}]}},"_links":{"self":[{"href":"https:\/\/stolarija-puric.hr\/sl\/wp-json\/wp\/v2\/pages\/1982","targetHints":{"allow":["GET"]}}],"collection":[{"href":"https:\/\/stolarija-puric.hr\/sl\/wp-json\/wp\/v2\/pages"}],"about":[{"href":"https:\/\/stolarija-puric.hr\/sl\/wp-json\/wp\/v2\/types\/page"}],"author":[{"embeddable":true,"href":"https:\/\/stolarija-puric.hr\/sl\/wp-json\/wp\/v2\/users\/1"}],"replies":[{"embeddable":true,"href":"https:\/\/stolarija-puric.hr\/sl\/wp-json\/wp\/v2\/comments?post=1982"}],"version-history":[{"count":0,"href":"https:\/\/stolarija-puric.hr\/sl\/wp-json\/wp\/v2\/pages\/1982\/revisions"}],"wp:attachment":[{"href":"https:\/\/stolarija-puric.hr\/sl\/wp-json\/wp\/v2\/media?parent=1982"}],"curies":[{"name":"wp","href":"https:\/\/api.w.org\/{rel}","templated":true}]}}