{"id":1861,"date":"2020-05-19T10:10:45","date_gmt":"2020-05-19T08:10:45","guid":{"rendered":"https:\/\/stolarija-puric.hr\/?page_id=1861"},"modified":"2020-10-29T10:37:43","modified_gmt":"2020-10-29T09:37:43","slug":"dodatno","status":"publish","type":"page","link":"https:\/\/stolarija-puric.hr\/sl\/mizarstvo\/dodatno\/","title":{"rendered":"Dodatno"},"content":{"rendered":"<p>Na\u0161a ponudba zajema tudi izdelke za za\u0161\u010dito oken in vrat pred soncem, de\u017ejem, ne\u017eelenimi pogledi ter insekti.<\/p>\n","protected":false},"excerpt":{"rendered":"<p>Na\u0161a ponudba zajema tudi izdelke za za\u0161\u010dito oken in vrat pred soncem, de\u017ejem, ne\u017eelenimi pogledi ter insekti.<\/p>\n","protected":false},"author":1,"featured_media":1650,"parent":1818,"menu_order":5,"comment_status":"closed","ping_status":"closed","template":"page-dodaci.php","meta":{"_acf_changed":false,"footnotes":""},"class_list":["post-1861","page","type-page","status-publish","has-post-thumbnail","hentry"],"acf":[],"yoast_head":"<!-- This site is optimized with the Yoast SEO plugin v27.4 - https:\/\/yoast.com\/product\/yoast-seo-wordpress\/ -->\n<title>Dodatno - Stolarija Puri\u0107<\/title>\n<meta name=\"robots\" content=\"index, follow, max-snippet:-1, max-image-preview:large, max-video-preview:-1\" \/>\n<link rel=\"canonical\" href=\"https:\/\/stolarija-puric.hr\/sl\/mizarstvo\/dodatno\/\" \/>\n<meta property=\"og:locale\" content=\"sl_SI\" \/>\n<meta property=\"og:type\" content=\"article\" \/>\n<meta property=\"og:title\" content=\"Dodatno - Stolarija Puri\u0107\" \/>\n<meta property=\"og:description\" content=\"Na\u0161a ponudba zajema tudi izdelke za za\u0161\u010dito oken in vrat pred soncem, de\u017ejem, ne\u017eelenimi pogledi ter insekti.\" \/>\n<meta property=\"og:url\" content=\"https:\/\/stolarija-puric.hr\/sl\/mizarstvo\/dodatno\/\" \/>\n<meta property=\"og:site_name\" content=\"Stolarija Puri\u0107\" \/>\n<meta property=\"article:publisher\" content=\"https:\/\/www.facebook.com\/stolarija.puric\" \/>\n<meta property=\"article:modified_time\" content=\"2020-10-29T09:37:43+00:00\" \/>\n<meta property=\"og:image\" content=\"https:\/\/stolarija-puric.hr\/wp-content\/uploads\/2020\/04\/cat-dodaci.jpg\" \/>\n\t<meta property=\"og:image:width\" content=\"350\" \/>\n\t<meta property=\"og:image:height\" content=\"417\" \/>\n\t<meta property=\"og:image:type\" content=\"image\/jpeg\" \/>\n<meta name=\"twitter:card\" content=\"summary_large_image\" \/>\n<script type=\"application\/ld+json\" class=\"yoast-schema-graph\">{\"@context\":\"https:\\\/\\\/schema.org\",\"@graph\":[{\"@type\":\"WebPage\",\"@id\":\"https:\\\/\\\/stolarija-puric.hr\\\/sl\\\/mizarstvo\\\/dodatno\\\/\",\"url\":\"https:\\\/\\\/stolarija-puric.hr\\\/sl\\\/mizarstvo\\\/dodatno\\\/\",\"name\":\"Dodatno - Stolarija Puri\u0107\",\"isPartOf\":{\"@id\":\"https:\\\/\\\/stolarija-puric.hr\\\/sl\\\/#website\"},\"primaryImageOfPage\":{\"@id\":\"https:\\\/\\\/stolarija-puric.hr\\\/sl\\\/mizarstvo\\\/dodatno\\\/#primaryimage\"},\"image\":{\"@id\":\"https:\\\/\\\/stolarija-puric.hr\\\/sl\\\/mizarstvo\\\/dodatno\\\/#primaryimage\"},\"thumbnailUrl\":\"https:\\\/\\\/stolarija-puric.hr\\\/wp-content\\\/uploads\\\/2020\\\/04\\\/cat-dodaci.jpg\",\"datePublished\":\"2020-05-19T08:10:45+00:00\",\"dateModified\":\"2020-10-29T09:37:43+00:00\",\"breadcrumb\":{\"@id\":\"https:\\\/\\\/stolarija-puric.hr\\\/sl\\\/mizarstvo\\\/dodatno\\\/#breadcrumb\"},\"inLanguage\":\"sl-SI\",\"potentialAction\":[{\"@type\":\"ReadAction\",\"target\":[\"https:\\\/\\\/stolarija-puric.hr\\\/sl\\\/mizarstvo\\\/dodatno\\\/\"]}]},{\"@type\":\"ImageObject\",\"inLanguage\":\"sl-SI\",\"@id\":\"https:\\\/\\\/stolarija-puric.hr\\\/sl\\\/mizarstvo\\\/dodatno\\\/#primaryimage\",\"url\":\"https:\\\/\\\/stolarija-puric.hr\\\/wp-content\\\/uploads\\\/2020\\\/04\\\/cat-dodaci.jpg\",\"contentUrl\":\"https:\\\/\\\/stolarija-puric.hr\\\/wp-content\\\/uploads\\\/2020\\\/04\\\/cat-dodaci.jpg\",\"width\":350,\"height\":417,\"caption\":\"dodaci\"},{\"@type\":\"BreadcrumbList\",\"@id\":\"https:\\\/\\\/stolarija-puric.hr\\\/sl\\\/mizarstvo\\\/dodatno\\\/#breadcrumb\",\"itemListElement\":[{\"@type\":\"ListItem\",\"position\":1,\"name\":\"Domov\",\"item\":\"https:\\\/\\\/stolarija-puric.hr\\\/sl\\\/\"},{\"@type\":\"ListItem\",\"position\":2,\"name\":\"Mizarstvo\",\"item\":\"https:\\\/\\\/stolarija-puric.hr\\\/sl\\\/mizarstvo\\\/\"},{\"@type\":\"ListItem\",\"position\":3,\"name\":\"Dodatno\"}]},{\"@type\":\"WebSite\",\"@id\":\"https:\\\/\\\/stolarija-puric.hr\\\/sl\\\/#website\",\"url\":\"https:\\\/\\\/stolarija-puric.hr\\\/sl\\\/\",\"name\":\"Stolarija Puri\u0107\",\"description\":\"Pola stolje\u0107a vama na usluzi\",\"potentialAction\":[{\"@type\":\"SearchAction\",\"target\":{\"@type\":\"EntryPoint\",\"urlTemplate\":\"https:\\\/\\\/stolarija-puric.hr\\\/sl\\\/?s={search_term_string}\"},\"query-input\":{\"@type\":\"PropertyValueSpecification\",\"valueRequired\":true,\"valueName\":\"search_term_string\"}}],\"inLanguage\":\"sl-SI\"}]}<\/script>\n<!-- \/ Yoast SEO plugin. -->","yoast_head_json":{"title":"Dodatno - Stolarija Puri\u0107","robots":{"index":"index","follow":"follow","max-snippet":"max-snippet:-1","max-image-preview":"max-image-preview:large","max-video-preview":"max-video-preview:-1"},"canonical":"https:\/\/stolarija-puric.hr\/sl\/mizarstvo\/dodatno\/","og_locale":"sl_SI","og_type":"article","og_title":"Dodatno - Stolarija Puri\u0107","og_description":"Na\u0161a ponudba zajema tudi izdelke za za\u0161\u010dito oken in vrat pred soncem, de\u017ejem, ne\u017eelenimi pogledi ter insekti.","og_url":"https:\/\/stolarija-puric.hr\/sl\/mizarstvo\/dodatno\/","og_site_name":"Stolarija Puri\u0107","article_publisher":"https:\/\/www.facebook.com\/stolarija.puric","article_modified_time":"2020-10-29T09:37:43+00:00","og_image":[{"width":350,"height":417,"url":"https:\/\/stolarija-puric.hr\/wp-content\/uploads\/2020\/04\/cat-dodaci.jpg","type":"image\/jpeg"}],"twitter_card":"summary_large_image","schema":{"@context":"https:\/\/schema.org","@graph":[{"@type":"WebPage","@id":"https:\/\/stolarija-puric.hr\/sl\/mizarstvo\/dodatno\/","url":"https:\/\/stolarija-puric.hr\/sl\/mizarstvo\/dodatno\/","name":"Dodatno - Stolarija Puri\u0107","isPartOf":{"@id":"https:\/\/stolarija-puric.hr\/sl\/#website"},"primaryImageOfPage":{"@id":"https:\/\/stolarija-puric.hr\/sl\/mizarstvo\/dodatno\/#primaryimage"},"image":{"@id":"https:\/\/stolarija-puric.hr\/sl\/mizarstvo\/dodatno\/#primaryimage"},"thumbnailUrl":"https:\/\/stolarija-puric.hr\/wp-content\/uploads\/2020\/04\/cat-dodaci.jpg","datePublished":"2020-05-19T08:10:45+00:00","dateModified":"2020-10-29T09:37:43+00:00","breadcrumb":{"@id":"https:\/\/stolarija-puric.hr\/sl\/mizarstvo\/dodatno\/#breadcrumb"},"inLanguage":"sl-SI","potentialAction":[{"@type":"ReadAction","target":["https:\/\/stolarija-puric.hr\/sl\/mizarstvo\/dodatno\/"]}]},{"@type":"ImageObject","inLanguage":"sl-SI","@id":"https:\/\/stolarija-puric.hr\/sl\/mizarstvo\/dodatno\/#primaryimage","url":"https:\/\/stolarija-puric.hr\/wp-content\/uploads\/2020\/04\/cat-dodaci.jpg","contentUrl":"https:\/\/stolarija-puric.hr\/wp-content\/uploads\/2020\/04\/cat-dodaci.jpg","width":350,"height":417,"caption":"dodaci"},{"@type":"BreadcrumbList","@id":"https:\/\/stolarija-puric.hr\/sl\/mizarstvo\/dodatno\/#breadcrumb","itemListElement":[{"@type":"ListItem","position":1,"name":"Domov","item":"https:\/\/stolarija-puric.hr\/sl\/"},{"@type":"ListItem","position":2,"name":"Mizarstvo","item":"https:\/\/stolarija-puric.hr\/sl\/mizarstvo\/"},{"@type":"ListItem","position":3,"name":"Dodatno"}]},{"@type":"WebSite","@id":"https:\/\/stolarija-puric.hr\/sl\/#website","url":"https:\/\/stolarija-puric.hr\/sl\/","name":"Stolarija Puri\u0107","description":"Pola stolje\u0107a vama na usluzi","potentialAction":[{"@type":"SearchAction","target":{"@type":"EntryPoint","urlTemplate":"https:\/\/stolarija-puric.hr\/sl\/?s={search_term_string}"},"query-input":{"@type":"PropertyValueSpecification","valueRequired":true,"valueName":"search_term_string"}}],"inLanguage":"sl-SI"}]}},"_links":{"self":[{"href":"https:\/\/stolarija-puric.hr\/sl\/wp-json\/wp\/v2\/pages\/1861","targetHints":{"allow":["GET"]}}],"collection":[{"href":"https:\/\/stolarija-puric.hr\/sl\/wp-json\/wp\/v2\/pages"}],"about":[{"href":"https:\/\/stolarija-puric.hr\/sl\/wp-json\/wp\/v2\/types\/page"}],"author":[{"embeddable":true,"href":"https:\/\/stolarija-puric.hr\/sl\/wp-json\/wp\/v2\/users\/1"}],"replies":[{"embeddable":true,"href":"https:\/\/stolarija-puric.hr\/sl\/wp-json\/wp\/v2\/comments?post=1861"}],"version-history":[{"count":1,"href":"https:\/\/stolarija-puric.hr\/sl\/wp-json\/wp\/v2\/pages\/1861\/revisions"}],"predecessor-version":[{"id":2616,"href":"https:\/\/stolarija-puric.hr\/sl\/wp-json\/wp\/v2\/pages\/1861\/revisions\/2616"}],"up":[{"embeddable":true,"href":"https:\/\/stolarija-puric.hr\/sl\/wp-json\/wp\/v2\/pages\/1818"}],"wp:featuredmedia":[{"embeddable":true,"href":"https:\/\/stolarija-puric.hr\/sl\/wp-json\/wp\/v2\/media\/1650"}],"wp:attachment":[{"href":"https:\/\/stolarija-puric.hr\/sl\/wp-json\/wp\/v2\/media?parent=1861"}],"curies":[{"name":"wp","href":"https:\/\/api.w.org\/{rel}","templated":true}]}}