{"id":1832,"date":"2020-05-18T12:29:56","date_gmt":"2020-05-18T10:29:56","guid":{"rendered":"https:\/\/stolarija-puric.hr\/?page_id=1832"},"modified":"2020-05-18T12:29:56","modified_gmt":"2020-05-18T10:29:56","slug":"drsna-vrata","status":"publish","type":"page","link":"https:\/\/stolarija-puric.hr\/sl\/mizarstvo\/drsna-vrata\/","title":{"rendered":"Drsna vrata"},"content":{"rendered":"<p>\u017delite veliko naravne svetlobe v prostoru in hkrati prost in veliki prehod na teraso, balkon ali podobno ? -&gt; drsne stene so tisto, kar rabite. Z lesenimi stenami pregrajujemo ali zapiramo gradbene odprtine velikih dimenzij. Lesene stene opti\u010dno pove\u010dajo prostor. Stene so lahko sestavljene iz fiksnih delov ter delov, \u010digar krila se\u017eejo tudi do dveh metrov \u0161irine. Visokokakovostno okovje omogo\u010da nemoteno delovanje tudi tak\u0161nih izdelkov velikih dimenzijah.<\/p>\n","protected":false},"excerpt":{"rendered":"<p>\u017delite veliko naravne svetlobe v prostoru in hkrati prost in veliki prehod na teraso, balkon ali podobno ? -&gt; drsne&#8230;<\/p>\n","protected":false},"author":1,"featured_media":1993,"parent":1818,"menu_order":3,"comment_status":"closed","ping_status":"closed","template":"page-stolarija.php","meta":{"_acf_changed":false,"footnotes":""},"class_list":["post-1832","page","type-page","status-publish","has-post-thumbnail","hentry"],"acf":[],"yoast_head":"<!-- This site is optimized with the Yoast SEO plugin v27.4 - https:\/\/yoast.com\/product\/yoast-seo-wordpress\/ -->\n<title>Drsna vrata - Stolarija Puri\u0107<\/title>\n<meta name=\"robots\" content=\"index, follow, max-snippet:-1, max-image-preview:large, max-video-preview:-1\" \/>\n<link rel=\"canonical\" href=\"https:\/\/stolarija-puric.hr\/sl\/mizarstvo\/drsna-vrata\/\" \/>\n<meta property=\"og:locale\" content=\"sl_SI\" \/>\n<meta property=\"og:type\" content=\"article\" \/>\n<meta property=\"og:title\" content=\"Drsna vrata - Stolarija Puri\u0107\" \/>\n<meta property=\"og:description\" content=\"\u017delite veliko naravne svetlobe v prostoru in hkrati prost in veliki prehod na teraso, balkon ali podobno ? -&gt; drsne...\" \/>\n<meta property=\"og:url\" content=\"https:\/\/stolarija-puric.hr\/sl\/mizarstvo\/drsna-vrata\/\" \/>\n<meta property=\"og:site_name\" content=\"Stolarija Puri\u0107\" \/>\n<meta property=\"article:publisher\" content=\"https:\/\/www.facebook.com\/stolarija.puric\" \/>\n<meta property=\"og:image\" content=\"https:\/\/stolarija-puric.hr\/wp-content\/uploads\/2020\/05\/cat-klizna-stijena.jpg\" \/>\n\t<meta property=\"og:image:width\" content=\"350\" \/>\n\t<meta property=\"og:image:height\" content=\"418\" \/>\n\t<meta property=\"og:image:type\" content=\"image\/jpeg\" \/>\n<meta name=\"twitter:card\" content=\"summary_large_image\" \/>\n<script type=\"application\/ld+json\" class=\"yoast-schema-graph\">{\"@context\":\"https:\\\/\\\/schema.org\",\"@graph\":[{\"@type\":\"WebPage\",\"@id\":\"https:\\\/\\\/stolarija-puric.hr\\\/sl\\\/mizarstvo\\\/drsna-vrata\\\/\",\"url\":\"https:\\\/\\\/stolarija-puric.hr\\\/sl\\\/mizarstvo\\\/drsna-vrata\\\/\",\"name\":\"Drsna vrata - Stolarija Puri\u0107\",\"isPartOf\":{\"@id\":\"https:\\\/\\\/stolarija-puric.hr\\\/sl\\\/#website\"},\"primaryImageOfPage\":{\"@id\":\"https:\\\/\\\/stolarija-puric.hr\\\/sl\\\/mizarstvo\\\/drsna-vrata\\\/#primaryimage\"},\"image\":{\"@id\":\"https:\\\/\\\/stolarija-puric.hr\\\/sl\\\/mizarstvo\\\/drsna-vrata\\\/#primaryimage\"},\"thumbnailUrl\":\"https:\\\/\\\/stolarija-puric.hr\\\/wp-content\\\/uploads\\\/2020\\\/05\\\/cat-klizna-stijena.jpg\",\"datePublished\":\"2020-05-18T10:29:56+00:00\",\"breadcrumb\":{\"@id\":\"https:\\\/\\\/stolarija-puric.hr\\\/sl\\\/mizarstvo\\\/drsna-vrata\\\/#breadcrumb\"},\"inLanguage\":\"sl-SI\",\"potentialAction\":[{\"@type\":\"ReadAction\",\"target\":[\"https:\\\/\\\/stolarija-puric.hr\\\/sl\\\/mizarstvo\\\/drsna-vrata\\\/\"]}]},{\"@type\":\"ImageObject\",\"inLanguage\":\"sl-SI\",\"@id\":\"https:\\\/\\\/stolarija-puric.hr\\\/sl\\\/mizarstvo\\\/drsna-vrata\\\/#primaryimage\",\"url\":\"https:\\\/\\\/stolarija-puric.hr\\\/wp-content\\\/uploads\\\/2020\\\/05\\\/cat-klizna-stijena.jpg\",\"contentUrl\":\"https:\\\/\\\/stolarija-puric.hr\\\/wp-content\\\/uploads\\\/2020\\\/05\\\/cat-klizna-stijena.jpg\",\"width\":350,\"height\":418,\"caption\":\"klizna-stijena\"},{\"@type\":\"BreadcrumbList\",\"@id\":\"https:\\\/\\\/stolarija-puric.hr\\\/sl\\\/mizarstvo\\\/drsna-vrata\\\/#breadcrumb\",\"itemListElement\":[{\"@type\":\"ListItem\",\"position\":1,\"name\":\"Domov\",\"item\":\"https:\\\/\\\/stolarija-puric.hr\\\/sl\\\/\"},{\"@type\":\"ListItem\",\"position\":2,\"name\":\"Mizarstvo\",\"item\":\"https:\\\/\\\/stolarija-puric.hr\\\/sl\\\/mizarstvo\\\/\"},{\"@type\":\"ListItem\",\"position\":3,\"name\":\"Drsna vrata\"}]},{\"@type\":\"WebSite\",\"@id\":\"https:\\\/\\\/stolarija-puric.hr\\\/sl\\\/#website\",\"url\":\"https:\\\/\\\/stolarija-puric.hr\\\/sl\\\/\",\"name\":\"Stolarija Puri\u0107\",\"description\":\"Pola stolje\u0107a vama na usluzi\",\"potentialAction\":[{\"@type\":\"SearchAction\",\"target\":{\"@type\":\"EntryPoint\",\"urlTemplate\":\"https:\\\/\\\/stolarija-puric.hr\\\/sl\\\/?s={search_term_string}\"},\"query-input\":{\"@type\":\"PropertyValueSpecification\",\"valueRequired\":true,\"valueName\":\"search_term_string\"}}],\"inLanguage\":\"sl-SI\"}]}<\/script>\n<!-- \/ Yoast SEO plugin. -->","yoast_head_json":{"title":"Drsna vrata - Stolarija Puri\u0107","robots":{"index":"index","follow":"follow","max-snippet":"max-snippet:-1","max-image-preview":"max-image-preview:large","max-video-preview":"max-video-preview:-1"},"canonical":"https:\/\/stolarija-puric.hr\/sl\/mizarstvo\/drsna-vrata\/","og_locale":"sl_SI","og_type":"article","og_title":"Drsna vrata - Stolarija Puri\u0107","og_description":"\u017delite veliko naravne svetlobe v prostoru in hkrati prost in veliki prehod na teraso, balkon ali podobno ? -&gt; drsne...","og_url":"https:\/\/stolarija-puric.hr\/sl\/mizarstvo\/drsna-vrata\/","og_site_name":"Stolarija Puri\u0107","article_publisher":"https:\/\/www.facebook.com\/stolarija.puric","og_image":[{"width":350,"height":418,"url":"https:\/\/stolarija-puric.hr\/wp-content\/uploads\/2020\/05\/cat-klizna-stijena.jpg","type":"image\/jpeg"}],"twitter_card":"summary_large_image","schema":{"@context":"https:\/\/schema.org","@graph":[{"@type":"WebPage","@id":"https:\/\/stolarija-puric.hr\/sl\/mizarstvo\/drsna-vrata\/","url":"https:\/\/stolarija-puric.hr\/sl\/mizarstvo\/drsna-vrata\/","name":"Drsna vrata - Stolarija Puri\u0107","isPartOf":{"@id":"https:\/\/stolarija-puric.hr\/sl\/#website"},"primaryImageOfPage":{"@id":"https:\/\/stolarija-puric.hr\/sl\/mizarstvo\/drsna-vrata\/#primaryimage"},"image":{"@id":"https:\/\/stolarija-puric.hr\/sl\/mizarstvo\/drsna-vrata\/#primaryimage"},"thumbnailUrl":"https:\/\/stolarija-puric.hr\/wp-content\/uploads\/2020\/05\/cat-klizna-stijena.jpg","datePublished":"2020-05-18T10:29:56+00:00","breadcrumb":{"@id":"https:\/\/stolarija-puric.hr\/sl\/mizarstvo\/drsna-vrata\/#breadcrumb"},"inLanguage":"sl-SI","potentialAction":[{"@type":"ReadAction","target":["https:\/\/stolarija-puric.hr\/sl\/mizarstvo\/drsna-vrata\/"]}]},{"@type":"ImageObject","inLanguage":"sl-SI","@id":"https:\/\/stolarija-puric.hr\/sl\/mizarstvo\/drsna-vrata\/#primaryimage","url":"https:\/\/stolarija-puric.hr\/wp-content\/uploads\/2020\/05\/cat-klizna-stijena.jpg","contentUrl":"https:\/\/stolarija-puric.hr\/wp-content\/uploads\/2020\/05\/cat-klizna-stijena.jpg","width":350,"height":418,"caption":"klizna-stijena"},{"@type":"BreadcrumbList","@id":"https:\/\/stolarija-puric.hr\/sl\/mizarstvo\/drsna-vrata\/#breadcrumb","itemListElement":[{"@type":"ListItem","position":1,"name":"Domov","item":"https:\/\/stolarija-puric.hr\/sl\/"},{"@type":"ListItem","position":2,"name":"Mizarstvo","item":"https:\/\/stolarija-puric.hr\/sl\/mizarstvo\/"},{"@type":"ListItem","position":3,"name":"Drsna vrata"}]},{"@type":"WebSite","@id":"https:\/\/stolarija-puric.hr\/sl\/#website","url":"https:\/\/stolarija-puric.hr\/sl\/","name":"Stolarija Puri\u0107","description":"Pola stolje\u0107a vama na usluzi","potentialAction":[{"@type":"SearchAction","target":{"@type":"EntryPoint","urlTemplate":"https:\/\/stolarija-puric.hr\/sl\/?s={search_term_string}"},"query-input":{"@type":"PropertyValueSpecification","valueRequired":true,"valueName":"search_term_string"}}],"inLanguage":"sl-SI"}]}},"_links":{"self":[{"href":"https:\/\/stolarija-puric.hr\/sl\/wp-json\/wp\/v2\/pages\/1832","targetHints":{"allow":["GET"]}}],"collection":[{"href":"https:\/\/stolarija-puric.hr\/sl\/wp-json\/wp\/v2\/pages"}],"about":[{"href":"https:\/\/stolarija-puric.hr\/sl\/wp-json\/wp\/v2\/types\/page"}],"author":[{"embeddable":true,"href":"https:\/\/stolarija-puric.hr\/sl\/wp-json\/wp\/v2\/users\/1"}],"replies":[{"embeddable":true,"href":"https:\/\/stolarija-puric.hr\/sl\/wp-json\/wp\/v2\/comments?post=1832"}],"version-history":[{"count":0,"href":"https:\/\/stolarija-puric.hr\/sl\/wp-json\/wp\/v2\/pages\/1832\/revisions"}],"up":[{"embeddable":true,"href":"https:\/\/stolarija-puric.hr\/sl\/wp-json\/wp\/v2\/pages\/1818"}],"wp:featuredmedia":[{"embeddable":true,"href":"https:\/\/stolarija-puric.hr\/sl\/wp-json\/wp\/v2\/media\/1993"}],"wp:attachment":[{"href":"https:\/\/stolarija-puric.hr\/sl\/wp-json\/wp\/v2\/media?parent=1832"}],"curies":[{"name":"wp","href":"https:\/\/api.w.org\/{rel}","templated":true}]}}