{"id":1827,"date":"2020-05-18T12:25:17","date_gmt":"2020-05-18T10:25:17","guid":{"rendered":"https:\/\/stolarija-puric.hr\/?page_id=1827"},"modified":"2020-05-18T12:25:17","modified_gmt":"2020-05-18T10:25:17","slug":"vhodna-vrata","status":"publish","type":"page","link":"https:\/\/stolarija-puric.hr\/sl\/mizarstvo\/vhodna-vrata\/","title":{"rendered":"Vhodna vrata"},"content":{"rendered":"<p>Vhodna vrata so izdelek, ki omogo\u010da ne\u0161teto kombinacijskih re\u0161itev glede na dizajn in dodatne dele.Lesena vhodna vrata plemenitijo arhitekturne linije stavbe in so zatorej pomemben \u00bbdetajl\u00ab vsakega objekta, dru\u017einskih hi\u0161, kot tudi drugih stanovanjskih poslopij.<\/p>\n<p>Masivna vhodna vrata, podobno kot okna, so izdelana iz elementov toplotno obdelanega lesa (posu\u0161enega na 13\u00b12% vsebine vode) in lameliranega lesa.<\/p>\n<p>Ponujamo vrata razli\u010dnih dizajnerskih re\u0161itev, tako da lahko izbirate med modeli rustikalnega dizajna z ve\u010d ali manj detajlov in modele vrat modernih linij.<\/p>\n<p>Izdelke izdelujemo po Va\u0161ih \u017eeljah.\u00a0Vhodna vrata izdelujemo iz izbranega smrekovega lesa in nekaterih drugih vrst lesa.<\/p>\n<p>Lesena vhodna vrata imajo vgrajen sistem zapiranja na petih mestih, s \u010dimer pridobijo na stopnji za\u0161\u010dite proti vlamljanju, bolj\u0161i zvo\u010dni in toplotni izolaciji ter dimenzijski obstojnosti izdelka.\u00a0<\/p>\n<p><strong>Za Vas lahko izdelamo naslednja vhodna vrata:<\/strong><\/p>\n<ul>\n<li>Enojna ali dvojna razli\u010dnih,<\/li>\n<li>nestandardnih dimezij<\/li>\n<li>z nadsvetlobo (t.i. oberliht) ali brez nadsvetlobe<\/li>\n<li>z bo\u010dnimi steklenimi deli (fiksni ali z mo\u017enostmi odpiranja)<\/li>\n<li>z ve\u010d ali manj obmo\u010dij s steklom ali lesenimi polnili- v kolikor v prostoru \u017eelite svetlobo.<\/li>\n<\/ul>\n<p>Na na\u0161i spletni strani je prikazan le manj\u0161i del programa vhodnih vrat, katere ponujamo, saj jih izdelujemo po Va\u0161ih \u017eeljah. Po\u0161ljite nam skico ali fotografijo vrat, kakr\u0161na si \u017eelite!<\/p>\n","protected":false},"excerpt":{"rendered":"<p>Vhodna vrata so izdelek, ki omogo\u010da ne\u0161teto kombinacijskih re\u0161itev glede na dizajn in dodatne dele.Lesena vhodna vrata plemenitijo arhitekturne linije&#8230;<\/p>\n","protected":false},"author":1,"featured_media":796,"parent":1818,"menu_order":2,"comment_status":"closed","ping_status":"closed","template":"page-stolarija.php","meta":{"_acf_changed":false,"footnotes":""},"class_list":["post-1827","page","type-page","status-publish","has-post-thumbnail","hentry"],"acf":[],"yoast_head":"<!-- This site is optimized with the Yoast SEO plugin v27.4 - https:\/\/yoast.com\/product\/yoast-seo-wordpress\/ -->\n<title>Vhodna vrata - Stolarija Puri\u0107<\/title>\n<meta name=\"robots\" content=\"index, follow, max-snippet:-1, max-image-preview:large, max-video-preview:-1\" \/>\n<link rel=\"canonical\" href=\"https:\/\/stolarija-puric.hr\/sl\/mizarstvo\/vhodna-vrata\/\" \/>\n<meta property=\"og:locale\" content=\"sl_SI\" \/>\n<meta property=\"og:type\" content=\"article\" \/>\n<meta property=\"og:title\" content=\"Vhodna vrata - Stolarija Puri\u0107\" \/>\n<meta property=\"og:description\" content=\"Vhodna vrata so izdelek, ki omogo\u010da ne\u0161teto kombinacijskih re\u0161itev glede na dizajn in dodatne dele.Lesena vhodna vrata plemenitijo arhitekturne linije...\" \/>\n<meta property=\"og:url\" content=\"https:\/\/stolarija-puric.hr\/sl\/mizarstvo\/vhodna-vrata\/\" \/>\n<meta property=\"og:site_name\" content=\"Stolarija Puri\u0107\" \/>\n<meta property=\"article:publisher\" content=\"https:\/\/www.facebook.com\/stolarija.puric\" \/>\n<meta property=\"og:image\" content=\"https:\/\/stolarija-puric.hr\/wp-content\/uploads\/2019\/12\/ulazna-vrata-21.jpg\" \/>\n\t<meta property=\"og:image:width\" content=\"754\" \/>\n\t<meta property=\"og:image:height\" content=\"1080\" \/>\n\t<meta property=\"og:image:type\" content=\"image\/jpeg\" \/>\n<meta name=\"twitter:card\" content=\"summary_large_image\" \/>\n<script type=\"application\/ld+json\" class=\"yoast-schema-graph\">{\"@context\":\"https:\\\/\\\/schema.org\",\"@graph\":[{\"@type\":\"WebPage\",\"@id\":\"https:\\\/\\\/stolarija-puric.hr\\\/sl\\\/mizarstvo\\\/vhodna-vrata\\\/\",\"url\":\"https:\\\/\\\/stolarija-puric.hr\\\/sl\\\/mizarstvo\\\/vhodna-vrata\\\/\",\"name\":\"Vhodna vrata - Stolarija Puri\u0107\",\"isPartOf\":{\"@id\":\"https:\\\/\\\/stolarija-puric.hr\\\/sl\\\/#website\"},\"primaryImageOfPage\":{\"@id\":\"https:\\\/\\\/stolarija-puric.hr\\\/sl\\\/mizarstvo\\\/vhodna-vrata\\\/#primaryimage\"},\"image\":{\"@id\":\"https:\\\/\\\/stolarija-puric.hr\\\/sl\\\/mizarstvo\\\/vhodna-vrata\\\/#primaryimage\"},\"thumbnailUrl\":\"https:\\\/\\\/stolarija-puric.hr\\\/wp-content\\\/uploads\\\/2019\\\/12\\\/ulazna-vrata-21.jpg\",\"datePublished\":\"2020-05-18T10:25:17+00:00\",\"breadcrumb\":{\"@id\":\"https:\\\/\\\/stolarija-puric.hr\\\/sl\\\/mizarstvo\\\/vhodna-vrata\\\/#breadcrumb\"},\"inLanguage\":\"sl-SI\",\"potentialAction\":[{\"@type\":\"ReadAction\",\"target\":[\"https:\\\/\\\/stolarija-puric.hr\\\/sl\\\/mizarstvo\\\/vhodna-vrata\\\/\"]}]},{\"@type\":\"ImageObject\",\"inLanguage\":\"sl-SI\",\"@id\":\"https:\\\/\\\/stolarija-puric.hr\\\/sl\\\/mizarstvo\\\/vhodna-vrata\\\/#primaryimage\",\"url\":\"https:\\\/\\\/stolarija-puric.hr\\\/wp-content\\\/uploads\\\/2019\\\/12\\\/ulazna-vrata-21.jpg\",\"contentUrl\":\"https:\\\/\\\/stolarija-puric.hr\\\/wp-content\\\/uploads\\\/2019\\\/12\\\/ulazna-vrata-21.jpg\",\"width\":754,\"height\":1080,\"caption\":\"ulazna vrata 4\"},{\"@type\":\"BreadcrumbList\",\"@id\":\"https:\\\/\\\/stolarija-puric.hr\\\/sl\\\/mizarstvo\\\/vhodna-vrata\\\/#breadcrumb\",\"itemListElement\":[{\"@type\":\"ListItem\",\"position\":1,\"name\":\"Domov\",\"item\":\"https:\\\/\\\/stolarija-puric.hr\\\/sl\\\/\"},{\"@type\":\"ListItem\",\"position\":2,\"name\":\"Mizarstvo\",\"item\":\"https:\\\/\\\/stolarija-puric.hr\\\/sl\\\/mizarstvo\\\/\"},{\"@type\":\"ListItem\",\"position\":3,\"name\":\"Vhodna vrata\"}]},{\"@type\":\"WebSite\",\"@id\":\"https:\\\/\\\/stolarija-puric.hr\\\/sl\\\/#website\",\"url\":\"https:\\\/\\\/stolarija-puric.hr\\\/sl\\\/\",\"name\":\"Stolarija Puri\u0107\",\"description\":\"Pola stolje\u0107a vama na usluzi\",\"potentialAction\":[{\"@type\":\"SearchAction\",\"target\":{\"@type\":\"EntryPoint\",\"urlTemplate\":\"https:\\\/\\\/stolarija-puric.hr\\\/sl\\\/?s={search_term_string}\"},\"query-input\":{\"@type\":\"PropertyValueSpecification\",\"valueRequired\":true,\"valueName\":\"search_term_string\"}}],\"inLanguage\":\"sl-SI\"}]}<\/script>\n<!-- \/ Yoast SEO plugin. -->","yoast_head_json":{"title":"Vhodna vrata - Stolarija Puri\u0107","robots":{"index":"index","follow":"follow","max-snippet":"max-snippet:-1","max-image-preview":"max-image-preview:large","max-video-preview":"max-video-preview:-1"},"canonical":"https:\/\/stolarija-puric.hr\/sl\/mizarstvo\/vhodna-vrata\/","og_locale":"sl_SI","og_type":"article","og_title":"Vhodna vrata - Stolarija Puri\u0107","og_description":"Vhodna vrata so izdelek, ki omogo\u010da ne\u0161teto kombinacijskih re\u0161itev glede na dizajn in dodatne dele.Lesena vhodna vrata plemenitijo arhitekturne linije...","og_url":"https:\/\/stolarija-puric.hr\/sl\/mizarstvo\/vhodna-vrata\/","og_site_name":"Stolarija Puri\u0107","article_publisher":"https:\/\/www.facebook.com\/stolarija.puric","og_image":[{"width":754,"height":1080,"url":"https:\/\/stolarija-puric.hr\/wp-content\/uploads\/2019\/12\/ulazna-vrata-21.jpg","type":"image\/jpeg"}],"twitter_card":"summary_large_image","schema":{"@context":"https:\/\/schema.org","@graph":[{"@type":"WebPage","@id":"https:\/\/stolarija-puric.hr\/sl\/mizarstvo\/vhodna-vrata\/","url":"https:\/\/stolarija-puric.hr\/sl\/mizarstvo\/vhodna-vrata\/","name":"Vhodna vrata - Stolarija Puri\u0107","isPartOf":{"@id":"https:\/\/stolarija-puric.hr\/sl\/#website"},"primaryImageOfPage":{"@id":"https:\/\/stolarija-puric.hr\/sl\/mizarstvo\/vhodna-vrata\/#primaryimage"},"image":{"@id":"https:\/\/stolarija-puric.hr\/sl\/mizarstvo\/vhodna-vrata\/#primaryimage"},"thumbnailUrl":"https:\/\/stolarija-puric.hr\/wp-content\/uploads\/2019\/12\/ulazna-vrata-21.jpg","datePublished":"2020-05-18T10:25:17+00:00","breadcrumb":{"@id":"https:\/\/stolarija-puric.hr\/sl\/mizarstvo\/vhodna-vrata\/#breadcrumb"},"inLanguage":"sl-SI","potentialAction":[{"@type":"ReadAction","target":["https:\/\/stolarija-puric.hr\/sl\/mizarstvo\/vhodna-vrata\/"]}]},{"@type":"ImageObject","inLanguage":"sl-SI","@id":"https:\/\/stolarija-puric.hr\/sl\/mizarstvo\/vhodna-vrata\/#primaryimage","url":"https:\/\/stolarija-puric.hr\/wp-content\/uploads\/2019\/12\/ulazna-vrata-21.jpg","contentUrl":"https:\/\/stolarija-puric.hr\/wp-content\/uploads\/2019\/12\/ulazna-vrata-21.jpg","width":754,"height":1080,"caption":"ulazna vrata 4"},{"@type":"BreadcrumbList","@id":"https:\/\/stolarija-puric.hr\/sl\/mizarstvo\/vhodna-vrata\/#breadcrumb","itemListElement":[{"@type":"ListItem","position":1,"name":"Domov","item":"https:\/\/stolarija-puric.hr\/sl\/"},{"@type":"ListItem","position":2,"name":"Mizarstvo","item":"https:\/\/stolarija-puric.hr\/sl\/mizarstvo\/"},{"@type":"ListItem","position":3,"name":"Vhodna vrata"}]},{"@type":"WebSite","@id":"https:\/\/stolarija-puric.hr\/sl\/#website","url":"https:\/\/stolarija-puric.hr\/sl\/","name":"Stolarija Puri\u0107","description":"Pola stolje\u0107a vama na usluzi","potentialAction":[{"@type":"SearchAction","target":{"@type":"EntryPoint","urlTemplate":"https:\/\/stolarija-puric.hr\/sl\/?s={search_term_string}"},"query-input":{"@type":"PropertyValueSpecification","valueRequired":true,"valueName":"search_term_string"}}],"inLanguage":"sl-SI"}]}},"_links":{"self":[{"href":"https:\/\/stolarija-puric.hr\/sl\/wp-json\/wp\/v2\/pages\/1827","targetHints":{"allow":["GET"]}}],"collection":[{"href":"https:\/\/stolarija-puric.hr\/sl\/wp-json\/wp\/v2\/pages"}],"about":[{"href":"https:\/\/stolarija-puric.hr\/sl\/wp-json\/wp\/v2\/types\/page"}],"author":[{"embeddable":true,"href":"https:\/\/stolarija-puric.hr\/sl\/wp-json\/wp\/v2\/users\/1"}],"replies":[{"embeddable":true,"href":"https:\/\/stolarija-puric.hr\/sl\/wp-json\/wp\/v2\/comments?post=1827"}],"version-history":[{"count":0,"href":"https:\/\/stolarija-puric.hr\/sl\/wp-json\/wp\/v2\/pages\/1827\/revisions"}],"up":[{"embeddable":true,"href":"https:\/\/stolarija-puric.hr\/sl\/wp-json\/wp\/v2\/pages\/1818"}],"wp:featuredmedia":[{"embeddable":true,"href":"https:\/\/stolarija-puric.hr\/sl\/wp-json\/wp\/v2\/media\/796"}],"wp:attachment":[{"href":"https:\/\/stolarija-puric.hr\/sl\/wp-json\/wp\/v2\/media?parent=1827"}],"curies":[{"name":"wp","href":"https:\/\/api.w.org\/{rel}","templated":true}]}}