{"id":1818,"date":"2020-05-18T11:05:00","date_gmt":"2020-05-18T09:05:00","guid":{"rendered":"https:\/\/stolarija-puric.hr\/?page_id=1818"},"modified":"2020-05-20T08:46:07","modified_gmt":"2020-05-20T06:46:07","slug":"mizarstvo","status":"publish","type":"page","link":"https:\/\/stolarija-puric.hr\/sl\/mizarstvo\/","title":{"rendered":"Mizarstvo"},"content":{"rendered":"<p>Les je edinstveni material, ki raste s pomo\u010djo son\u010dne energije ter se z naravnimi postopki obnavlja, kar ga naredi ekolo\u0161ko najbolj sprejemljivega.<br \/>\nLesena okna in vrata \u00bbdihajo\u00ab in na ta na\u010din \u0161\u010ditijo pohi\u0161tvo in stene pred plesnijo.<br \/>\nLes je higroskopi\u010den material, kar pomeni, da je sposoben difuzije vodne pare, kar je pomemben dejavnik zaradi mikroklime prostora, v katerem bivamo.<br \/>\nLeseno stavbno pohi\u0161tvo ponuja ugodje in zdravo klimo prostora.<br \/>\nLeseni izdelki ponujajo ob\u010dutek toplote doma in prijetno bivanje v okolju; prav zaradi tega je les nenadomestljiv.<\/p>\n\n\n\t\t\t\n\t\t\t\t\t\t<div class=\"container\">\n\t\t\t\t<div class=\"fp-posts row\">\n\t\t\t\t\t\n\t\t\t\t\t<div class=\"fp-post col-sm-6 col-md-3\">\n\t\t\t\t\t\t<a href=\"https:\/\/stolarija-puric.hr\/sl\/mizarstvo\/lesena-okna\/\">\n\t\t\t\t\t\t\t<div class=\"fp-post-inside\">\n\t\t\t\t\t\t\t\t<img decoding=\"async\" src=\"https:\/\/stolarija-puric.hr\/wp-content\/uploads\/2020\/04\/cat-drveni-prozori.jpg\" class=\"attachment-full size-full wp-post-image\" alt=\"prozori\" 0=\"img-fluid\" srcset=\"https:\/\/stolarija-puric.hr\/wp-content\/uploads\/2020\/04\/cat-drveni-prozori.jpg 350w, https:\/\/stolarija-puric.hr\/wp-content\/uploads\/2020\/04\/cat-drveni-prozori-251x300.jpg 251w, https:\/\/stolarija-puric.hr\/wp-content\/uploads\/2020\/04\/cat-drveni-prozori-230x275.jpg 230w, https:\/\/stolarija-puric.hr\/wp-content\/uploads\/2020\/04\/cat-drveni-prozori-209x250.jpg 209w\" sizes=\"(max-width: 350px) 100vw, 350px\" \/>\t\t\t\t\t\t\t\t<h2>\n\t\t\t\t\t\t\t\tLesena okna\t\t\t\t\t\t\t\t<\/h2>\n\t\t\t\t\t\t\t\t\n\t\t\t\t\t\t\t<\/div>\n\t\t\t\t\t\t<\/a>\n\t\t\t\t\t<\/div>\n\n\t\t\t\t\t\n\t\t\t\t\t<div class=\"fp-post col-sm-6 col-md-3\">\n\t\t\t\t\t\t<a href=\"https:\/\/stolarija-puric.hr\/sl\/mizarstvo\/vhodna-vrata\/\">\n\t\t\t\t\t\t\t<div class=\"fp-post-inside\">\n\t\t\t\t\t\t\t\t<img decoding=\"async\" src=\"https:\/\/stolarija-puric.hr\/wp-content\/uploads\/2019\/12\/ulazna-vrata-21.jpg\" class=\"attachment-full size-full wp-post-image\" alt=\"ulazna vrata\" 0=\"img-fluid\" srcset=\"https:\/\/stolarija-puric.hr\/wp-content\/uploads\/2019\/12\/ulazna-vrata-21.jpg 754w, https:\/\/stolarija-puric.hr\/wp-content\/uploads\/2019\/12\/ulazna-vrata-21-209x300.jpg 209w, https:\/\/stolarija-puric.hr\/wp-content\/uploads\/2019\/12\/ulazna-vrata-21-715x1024.jpg 715w, https:\/\/stolarija-puric.hr\/wp-content\/uploads\/2019\/12\/ulazna-vrata-21-304x436.jpg 304w, https:\/\/stolarija-puric.hr\/wp-content\/uploads\/2019\/12\/ulazna-vrata-21-192x275.jpg 192w, https:\/\/stolarija-puric.hr\/wp-content\/uploads\/2019\/12\/ulazna-vrata-21-349x500.jpg 349w, https:\/\/stolarija-puric.hr\/wp-content\/uploads\/2019\/12\/ulazna-vrata-21-175x250.jpg 175w\" sizes=\"(max-width: 754px) 100vw, 754px\" \/>\t\t\t\t\t\t\t\t<h2>\n\t\t\t\t\t\t\t\tVhodna vrata\t\t\t\t\t\t\t\t<\/h2>\n\t\t\t\t\t\t\t\t\n\t\t\t\t\t\t\t<\/div>\n\t\t\t\t\t\t<\/a>\n\t\t\t\t\t<\/div>\n\n\t\t\t\t\t\n\t\t\t\t\t<div class=\"fp-post col-sm-6 col-md-3\">\n\t\t\t\t\t\t<a href=\"https:\/\/stolarija-puric.hr\/sl\/mizarstvo\/drsna-vrata\/\">\n\t\t\t\t\t\t\t<div class=\"fp-post-inside\">\n\t\t\t\t\t\t\t\t<img decoding=\"async\" src=\"https:\/\/stolarija-puric.hr\/wp-content\/uploads\/2020\/05\/cat-klizna-stijena.jpg\" class=\"attachment-full size-full wp-post-image\" alt=\"klizna-stijena\" 0=\"img-fluid\" srcset=\"https:\/\/stolarija-puric.hr\/wp-content\/uploads\/2020\/05\/cat-klizna-stijena.jpg 350w, https:\/\/stolarija-puric.hr\/wp-content\/uploads\/2020\/05\/cat-klizna-stijena-251x300.jpg 251w, https:\/\/stolarija-puric.hr\/wp-content\/uploads\/2020\/05\/cat-klizna-stijena-230x275.jpg 230w, https:\/\/stolarija-puric.hr\/wp-content\/uploads\/2020\/05\/cat-klizna-stijena-209x250.jpg 209w\" sizes=\"(max-width: 350px) 100vw, 350px\" \/>\t\t\t\t\t\t\t\t<h2>\n\t\t\t\t\t\t\t\tDrsna vrata\t\t\t\t\t\t\t\t<\/h2>\n\t\t\t\t\t\t\t\t\n\t\t\t\t\t\t\t<\/div>\n\t\t\t\t\t\t<\/a>\n\t\t\t\t\t<\/div>\n\n\t\t\t\t\t\n\t\t\t\t\t<div class=\"fp-post col-sm-6 col-md-3\">\n\t\t\t\t\t\t<a href=\"https:\/\/stolarija-puric.hr\/sl\/mizarstvo\/sobna-vrata\/\">\n\t\t\t\t\t\t\t<div class=\"fp-post-inside\">\n\t\t\t\t\t\t\t\t<img decoding=\"async\" src=\"https:\/\/stolarija-puric.hr\/wp-content\/uploads\/2019\/12\/sobna-vrata-06.png\" class=\"attachment-full size-full wp-post-image\" alt=\"sobna vrata\" 0=\"img-fluid\" srcset=\"https:\/\/stolarija-puric.hr\/wp-content\/uploads\/2019\/12\/sobna-vrata-06.png 634w, https:\/\/stolarija-puric.hr\/wp-content\/uploads\/2019\/12\/sobna-vrata-06-224x300.png 224w, https:\/\/stolarija-puric.hr\/wp-content\/uploads\/2019\/12\/sobna-vrata-06-326x436.png 326w, https:\/\/stolarija-puric.hr\/wp-content\/uploads\/2019\/12\/sobna-vrata-06-205x275.png 205w, https:\/\/stolarija-puric.hr\/wp-content\/uploads\/2019\/12\/sobna-vrata-06-373x500.png 373w, https:\/\/stolarija-puric.hr\/wp-content\/uploads\/2019\/12\/sobna-vrata-06-187x250.png 187w\" sizes=\"(max-width: 634px) 100vw, 634px\" \/>\t\t\t\t\t\t\t\t<h2>\n\t\t\t\t\t\t\t\tSobna vrata\t\t\t\t\t\t\t\t<\/h2>\n\t\t\t\t\t\t\t\t\n\t\t\t\t\t\t\t<\/div>\n\t\t\t\t\t\t<\/a>\n\t\t\t\t\t<\/div>\n\n\t\t\t\t\t\n\t\t\t\t\t<div class=\"fp-post col-sm-6 col-md-3\">\n\t\t\t\t\t\t<a href=\"https:\/\/stolarija-puric.hr\/sl\/mizarstvo\/dodatno\/\">\n\t\t\t\t\t\t\t<div class=\"fp-post-inside\">\n\t\t\t\t\t\t\t\t<img decoding=\"async\" src=\"https:\/\/stolarija-puric.hr\/wp-content\/uploads\/2020\/04\/cat-dodaci.jpg\" class=\"attachment-full size-full wp-post-image\" alt=\"dodaci\" 0=\"img-fluid\" srcset=\"https:\/\/stolarija-puric.hr\/wp-content\/uploads\/2020\/04\/cat-dodaci.jpg 350w, https:\/\/stolarija-puric.hr\/wp-content\/uploads\/2020\/04\/cat-dodaci-252x300.jpg 252w, https:\/\/stolarija-puric.hr\/wp-content\/uploads\/2020\/04\/cat-dodaci-231x275.jpg 231w, https:\/\/stolarija-puric.hr\/wp-content\/uploads\/2020\/04\/cat-dodaci-210x250.jpg 210w\" sizes=\"(max-width: 350px) 100vw, 350px\" \/>\t\t\t\t\t\t\t\t<h2>\n\t\t\t\t\t\t\t\tDodatno\t\t\t\t\t\t\t\t<\/h2>\n\t\t\t\t\t\t\t\t\n\t\t\t\t\t\t\t<\/div>\n\t\t\t\t\t\t<\/a>\n\t\t\t\t\t<\/div>\n\n\t\t\t\t\t\t\t\t\t<\/div>\n\t\t\t<\/div>\n\t\t\t\n\t\t\t\n","protected":false},"excerpt":{"rendered":"<p>Les je edinstveni material, ki raste s pomo\u010djo son\u010dne energije ter se z naravnimi postopki obnavlja, kar ga naredi ekolo\u0161ko&#8230;<\/p>\n","protected":false},"author":1,"featured_media":0,"parent":0,"menu_order":0,"comment_status":"closed","ping_status":"closed","template":"","meta":{"_acf_changed":false,"footnotes":""},"class_list":["post-1818","page","type-page","status-publish","hentry"],"acf":[],"yoast_head":"<!-- This site is optimized with the Yoast SEO plugin v27.4 - https:\/\/yoast.com\/product\/yoast-seo-wordpress\/ -->\n<title>Mizarstvo - Stolarija Puri\u0107<\/title>\n<meta name=\"robots\" content=\"index, follow, max-snippet:-1, max-image-preview:large, max-video-preview:-1\" \/>\n<link rel=\"canonical\" href=\"https:\/\/stolarija-puric.hr\/sl\/mizarstvo\/\" \/>\n<meta property=\"og:locale\" content=\"sl_SI\" \/>\n<meta property=\"og:type\" content=\"article\" \/>\n<meta property=\"og:title\" content=\"Mizarstvo - Stolarija Puri\u0107\" \/>\n<meta property=\"og:description\" content=\"Les je edinstveni material, ki raste s pomo\u010djo son\u010dne energije ter se z naravnimi postopki obnavlja, kar ga naredi ekolo\u0161ko...\" \/>\n<meta property=\"og:url\" content=\"https:\/\/stolarija-puric.hr\/sl\/mizarstvo\/\" \/>\n<meta property=\"og:site_name\" content=\"Stolarija Puri\u0107\" \/>\n<meta property=\"article:publisher\" content=\"https:\/\/www.facebook.com\/stolarija.puric\" \/>\n<meta property=\"article:modified_time\" content=\"2020-05-20T06:46:07+00:00\" \/>\n<meta property=\"og:image\" content=\"https:\/\/stolarija-puric.hr\/wp-content\/uploads\/2020\/04\/klizna-stijena-13.jpg\" \/>\n\t<meta property=\"og:image:width\" content=\"1200\" \/>\n\t<meta property=\"og:image:height\" content=\"675\" \/>\n\t<meta property=\"og:image:type\" content=\"image\/jpeg\" \/>\n<meta name=\"twitter:card\" content=\"summary_large_image\" \/>\n<script type=\"application\/ld+json\" class=\"yoast-schema-graph\">{\"@context\":\"https:\\\/\\\/schema.org\",\"@graph\":[{\"@type\":\"WebPage\",\"@id\":\"https:\\\/\\\/stolarija-puric.hr\\\/sl\\\/mizarstvo\\\/\",\"url\":\"https:\\\/\\\/stolarija-puric.hr\\\/sl\\\/mizarstvo\\\/\",\"name\":\"Mizarstvo - Stolarija Puri\u0107\",\"isPartOf\":{\"@id\":\"https:\\\/\\\/stolarija-puric.hr\\\/sl\\\/#website\"},\"datePublished\":\"2020-05-18T09:05:00+00:00\",\"dateModified\":\"2020-05-20T06:46:07+00:00\",\"breadcrumb\":{\"@id\":\"https:\\\/\\\/stolarija-puric.hr\\\/sl\\\/mizarstvo\\\/#breadcrumb\"},\"inLanguage\":\"sl-SI\",\"potentialAction\":[{\"@type\":\"ReadAction\",\"target\":[\"https:\\\/\\\/stolarija-puric.hr\\\/sl\\\/mizarstvo\\\/\"]}]},{\"@type\":\"BreadcrumbList\",\"@id\":\"https:\\\/\\\/stolarija-puric.hr\\\/sl\\\/mizarstvo\\\/#breadcrumb\",\"itemListElement\":[{\"@type\":\"ListItem\",\"position\":1,\"name\":\"Domov\",\"item\":\"https:\\\/\\\/stolarija-puric.hr\\\/sl\\\/\"},{\"@type\":\"ListItem\",\"position\":2,\"name\":\"Mizarstvo\"}]},{\"@type\":\"WebSite\",\"@id\":\"https:\\\/\\\/stolarija-puric.hr\\\/sl\\\/#website\",\"url\":\"https:\\\/\\\/stolarija-puric.hr\\\/sl\\\/\",\"name\":\"Stolarija Puri\u0107\",\"description\":\"Pola stolje\u0107a vama na usluzi\",\"potentialAction\":[{\"@type\":\"SearchAction\",\"target\":{\"@type\":\"EntryPoint\",\"urlTemplate\":\"https:\\\/\\\/stolarija-puric.hr\\\/sl\\\/?s={search_term_string}\"},\"query-input\":{\"@type\":\"PropertyValueSpecification\",\"valueRequired\":true,\"valueName\":\"search_term_string\"}}],\"inLanguage\":\"sl-SI\"}]}<\/script>\n<!-- \/ Yoast SEO plugin. -->","yoast_head_json":{"title":"Mizarstvo - Stolarija Puri\u0107","robots":{"index":"index","follow":"follow","max-snippet":"max-snippet:-1","max-image-preview":"max-image-preview:large","max-video-preview":"max-video-preview:-1"},"canonical":"https:\/\/stolarija-puric.hr\/sl\/mizarstvo\/","og_locale":"sl_SI","og_type":"article","og_title":"Mizarstvo - Stolarija Puri\u0107","og_description":"Les je edinstveni material, ki raste s pomo\u010djo son\u010dne energije ter se z naravnimi postopki obnavlja, kar ga naredi ekolo\u0161ko...","og_url":"https:\/\/stolarija-puric.hr\/sl\/mizarstvo\/","og_site_name":"Stolarija Puri\u0107","article_publisher":"https:\/\/www.facebook.com\/stolarija.puric","article_modified_time":"2020-05-20T06:46:07+00:00","og_image":[{"width":1200,"height":675,"url":"https:\/\/stolarija-puric.hr\/wp-content\/uploads\/2020\/04\/klizna-stijena-13.jpg","type":"image\/jpeg"}],"twitter_card":"summary_large_image","schema":{"@context":"https:\/\/schema.org","@graph":[{"@type":"WebPage","@id":"https:\/\/stolarija-puric.hr\/sl\/mizarstvo\/","url":"https:\/\/stolarija-puric.hr\/sl\/mizarstvo\/","name":"Mizarstvo - Stolarija Puri\u0107","isPartOf":{"@id":"https:\/\/stolarija-puric.hr\/sl\/#website"},"datePublished":"2020-05-18T09:05:00+00:00","dateModified":"2020-05-20T06:46:07+00:00","breadcrumb":{"@id":"https:\/\/stolarija-puric.hr\/sl\/mizarstvo\/#breadcrumb"},"inLanguage":"sl-SI","potentialAction":[{"@type":"ReadAction","target":["https:\/\/stolarija-puric.hr\/sl\/mizarstvo\/"]}]},{"@type":"BreadcrumbList","@id":"https:\/\/stolarija-puric.hr\/sl\/mizarstvo\/#breadcrumb","itemListElement":[{"@type":"ListItem","position":1,"name":"Domov","item":"https:\/\/stolarija-puric.hr\/sl\/"},{"@type":"ListItem","position":2,"name":"Mizarstvo"}]},{"@type":"WebSite","@id":"https:\/\/stolarija-puric.hr\/sl\/#website","url":"https:\/\/stolarija-puric.hr\/sl\/","name":"Stolarija Puri\u0107","description":"Pola stolje\u0107a vama na usluzi","potentialAction":[{"@type":"SearchAction","target":{"@type":"EntryPoint","urlTemplate":"https:\/\/stolarija-puric.hr\/sl\/?s={search_term_string}"},"query-input":{"@type":"PropertyValueSpecification","valueRequired":true,"valueName":"search_term_string"}}],"inLanguage":"sl-SI"}]}},"_links":{"self":[{"href":"https:\/\/stolarija-puric.hr\/sl\/wp-json\/wp\/v2\/pages\/1818","targetHints":{"allow":["GET"]}}],"collection":[{"href":"https:\/\/stolarija-puric.hr\/sl\/wp-json\/wp\/v2\/pages"}],"about":[{"href":"https:\/\/stolarija-puric.hr\/sl\/wp-json\/wp\/v2\/types\/page"}],"author":[{"embeddable":true,"href":"https:\/\/stolarija-puric.hr\/sl\/wp-json\/wp\/v2\/users\/1"}],"replies":[{"embeddable":true,"href":"https:\/\/stolarija-puric.hr\/sl\/wp-json\/wp\/v2\/comments?post=1818"}],"version-history":[{"count":0,"href":"https:\/\/stolarija-puric.hr\/sl\/wp-json\/wp\/v2\/pages\/1818\/revisions"}],"wp:attachment":[{"href":"https:\/\/stolarija-puric.hr\/sl\/wp-json\/wp\/v2\/media?parent=1818"}],"curies":[{"name":"wp","href":"https:\/\/api.w.org\/{rel}","templated":true}]}}