{"id":1841,"date":"2020-05-18T12:54:30","date_gmt":"2020-05-18T10:54:30","guid":{"rendered":"https:\/\/stolarija-puric.hr\/?page_id=1841"},"modified":"2022-09-05T13:19:17","modified_gmt":"2022-09-05T11:19:17","slug":"farbpalette","status":"publish","type":"page","link":"https:\/\/stolarija-puric.hr\/de\/andere\/farbpalette\/","title":{"rendered":"Farbpalette"},"content":{"rendered":"<div class=\"paleta_boja_text\">\n<p>Auf dem ersten Bild k\u00f6nnen Sie eine Vielfalt von Farben der Deckbeschichtungen und von transparenten Beschichtungen sehen. Die Deckschichtung bedeckt die Holzstruktur zu ganz und bei der Anwendung transparenter Beschichtung bleibt die Holztextur sichtbar. Die Qualit\u00e4t der Oberfl\u00e4chenbearbeitung bzw. der Schutz ist bei beiden Arten gleich, da auf die pigmentierte Grundbeschichtung noch drei farblose Beschichtungen aufgetragen werden. Ihre Funktion ist das Holz vor Atmosph\u00e4rilien und vor mechanischen Besch\u00e4digungen zu sch\u00fctzen.<\/p>\n<p>Auf dem zweiten Bild sind die Muster der Rolll\u00e4den aus unserem Angebot zu sehen. Die Rolll\u00e4den sind aus Aluminium hergestellt und mit PUR-Schaum gef\u00fcllt. Das erm\u00f6glicht eine zus\u00e4tzliche W\u00e4rmeisolierung und Dimensionsstabilit\u00e4t, was bei den Fenstern gr\u00f6\u00dferer Breite, auf die die Rolll\u00e4den angebracht werden, wichtig ist.<\/p>\n<\/div>\n<div class=\"paleta_boja_ukupno\">\n<h2 id=\"ton_karta\"><strong>Farbpalette<\/strong><\/h2>\n<p><img decoding=\"async\" class=\"alignleft wp-image-4118 size-full\" src=\"https:\/\/stolarija-puric.hr\/wp-content\/uploads\/2022\/09\/uzorci-premaza-07-2022.jpg\" alt=\"Uzorci premaza\" width=\"1518\" height=\"1200\" srcset=\"https:\/\/stolarija-puric.hr\/wp-content\/uploads\/2022\/09\/uzorci-premaza-07-2022.jpg 1518w, https:\/\/stolarija-puric.hr\/wp-content\/uploads\/2022\/09\/uzorci-premaza-07-2022-300x237.jpg 300w, https:\/\/stolarija-puric.hr\/wp-content\/uploads\/2022\/09\/uzorci-premaza-07-2022-1024x809.jpg 1024w, https:\/\/stolarija-puric.hr\/wp-content\/uploads\/2022\/09\/uzorci-premaza-07-2022-768x607.jpg 768w, https:\/\/stolarija-puric.hr\/wp-content\/uploads\/2022\/09\/uzorci-premaza-07-2022-552x436.jpg 552w, https:\/\/stolarija-puric.hr\/wp-content\/uploads\/2022\/09\/uzorci-premaza-07-2022-348x275.jpg 348w, https:\/\/stolarija-puric.hr\/wp-content\/uploads\/2022\/09\/uzorci-premaza-07-2022-633x500.jpg 633w, https:\/\/stolarija-puric.hr\/wp-content\/uploads\/2022\/09\/uzorci-premaza-07-2022-316x250.jpg 316w\" sizes=\"(max-width: 1518px) 100vw, 1518px\" \/><\/p>\n<p>&nbsp;<\/p>\n<p>Uzorke premaza tako\u0111er mo\u017eete preuzeti i u <a href=\"https:\/\/stolarija-puric.hr\/wp-content\/uploads\/2022\/09\/uzorci-premaza-07-2022.pdf\" target=\"_blank\" rel=\"noopener noreferrer\">PDF obliku<\/a>.<\/p>\n<h2>Jalousie<\/h2>\n<p><img decoding=\"async\" class=\"alignleft wp-image-4121 size-full\" src=\"https:\/\/stolarija-puric.hr\/wp-content\/uploads\/2022\/09\/uzorci-roleta-07-2022.jpg\" alt=\"Uzorci roleta\" width=\"1380\" height=\"2000\" srcset=\"https:\/\/stolarija-puric.hr\/wp-content\/uploads\/2022\/09\/uzorci-roleta-07-2022.jpg 1380w, https:\/\/stolarija-puric.hr\/wp-content\/uploads\/2022\/09\/uzorci-roleta-07-2022-207x300.jpg 207w, https:\/\/stolarija-puric.hr\/wp-content\/uploads\/2022\/09\/uzorci-roleta-07-2022-707x1024.jpg 707w, https:\/\/stolarija-puric.hr\/wp-content\/uploads\/2022\/09\/uzorci-roleta-07-2022-768x1113.jpg 768w, https:\/\/stolarija-puric.hr\/wp-content\/uploads\/2022\/09\/uzorci-roleta-07-2022-1060x1536.jpg 1060w, https:\/\/stolarija-puric.hr\/wp-content\/uploads\/2022\/09\/uzorci-roleta-07-2022-301x436.jpg 301w, https:\/\/stolarija-puric.hr\/wp-content\/uploads\/2022\/09\/uzorci-roleta-07-2022-190x275.jpg 190w, https:\/\/stolarija-puric.hr\/wp-content\/uploads\/2022\/09\/uzorci-roleta-07-2022-345x500.jpg 345w, https:\/\/stolarija-puric.hr\/wp-content\/uploads\/2022\/09\/uzorci-roleta-07-2022-173x250.jpg 173w\" sizes=\"(max-width: 1380px) 100vw, 1380px\" \/><\/p>\n<\/div>\n","protected":false},"excerpt":{"rendered":"<p>Auf dem ersten Bild k\u00f6nnen Sie eine Vielfalt von Farben der Deckbeschichtungen und von transparenten Beschichtungen sehen. Die Deckschichtung bedeckt&#8230;<\/p>\n","protected":false},"author":1,"featured_media":1645,"parent":1839,"menu_order":0,"comment_status":"closed","ping_status":"closed","template":"","meta":{"_acf_changed":false,"footnotes":""},"class_list":["post-1841","page","type-page","status-publish","has-post-thumbnail","hentry"],"acf":[],"yoast_head":"<!-- This site is optimized with the Yoast SEO plugin v27.4 - https:\/\/yoast.com\/product\/yoast-seo-wordpress\/ -->\n<title>Farbpalette - Stolarija Puri\u0107<\/title>\n<meta name=\"robots\" content=\"index, follow, max-snippet:-1, max-image-preview:large, max-video-preview:-1\" \/>\n<link rel=\"canonical\" href=\"https:\/\/stolarija-puric.hr\/de\/andere\/farbpalette\/\" \/>\n<meta property=\"og:locale\" content=\"de_DE\" \/>\n<meta property=\"og:type\" content=\"article\" \/>\n<meta property=\"og:title\" content=\"Farbpalette - Stolarija Puri\u0107\" \/>\n<meta property=\"og:description\" content=\"Auf dem ersten Bild k\u00f6nnen Sie eine Vielfalt von Farben der Deckbeschichtungen und von transparenten Beschichtungen sehen. Die Deckschichtung bedeckt...\" \/>\n<meta property=\"og:url\" content=\"https:\/\/stolarija-puric.hr\/de\/andere\/farbpalette\/\" \/>\n<meta property=\"og:site_name\" content=\"Stolarija Puri\u0107\" \/>\n<meta property=\"article:publisher\" content=\"https:\/\/www.facebook.com\/stolarija.puric\" \/>\n<meta property=\"article:modified_time\" content=\"2022-09-05T11:19:17+00:00\" \/>\n<meta property=\"og:image\" content=\"https:\/\/stolarija-puric.hr\/wp-content\/uploads\/2020\/04\/ton-karta-2.jpg\" \/>\n\t<meta property=\"og:image:width\" content=\"350\" \/>\n\t<meta property=\"og:image:height\" content=\"283\" \/>\n\t<meta property=\"og:image:type\" content=\"image\/jpeg\" \/>\n<meta name=\"twitter:card\" content=\"summary_large_image\" \/>\n<script type=\"application\/ld+json\" class=\"yoast-schema-graph\">{\"@context\":\"https:\\\/\\\/schema.org\",\"@graph\":[{\"@type\":\"WebPage\",\"@id\":\"https:\\\/\\\/stolarija-puric.hr\\\/de\\\/andere\\\/farbpalette\\\/\",\"url\":\"https:\\\/\\\/stolarija-puric.hr\\\/de\\\/andere\\\/farbpalette\\\/\",\"name\":\"Farbpalette - Stolarija Puri\u0107\",\"isPartOf\":{\"@id\":\"https:\\\/\\\/stolarija-puric.hr\\\/de\\\/#website\"},\"primaryImageOfPage\":{\"@id\":\"https:\\\/\\\/stolarija-puric.hr\\\/de\\\/andere\\\/farbpalette\\\/#primaryimage\"},\"image\":{\"@id\":\"https:\\\/\\\/stolarija-puric.hr\\\/de\\\/andere\\\/farbpalette\\\/#primaryimage\"},\"thumbnailUrl\":\"https:\\\/\\\/stolarija-puric.hr\\\/wp-content\\\/uploads\\\/2020\\\/04\\\/ton-karta-2.jpg\",\"datePublished\":\"2020-05-18T10:54:30+00:00\",\"dateModified\":\"2022-09-05T11:19:17+00:00\",\"breadcrumb\":{\"@id\":\"https:\\\/\\\/stolarija-puric.hr\\\/de\\\/andere\\\/farbpalette\\\/#breadcrumb\"},\"inLanguage\":\"de\",\"potentialAction\":[{\"@type\":\"ReadAction\",\"target\":[\"https:\\\/\\\/stolarija-puric.hr\\\/de\\\/andere\\\/farbpalette\\\/\"]}]},{\"@type\":\"ImageObject\",\"inLanguage\":\"de\",\"@id\":\"https:\\\/\\\/stolarija-puric.hr\\\/de\\\/andere\\\/farbpalette\\\/#primaryimage\",\"url\":\"https:\\\/\\\/stolarija-puric.hr\\\/wp-content\\\/uploads\\\/2020\\\/04\\\/ton-karta-2.jpg\",\"contentUrl\":\"https:\\\/\\\/stolarija-puric.hr\\\/wp-content\\\/uploads\\\/2020\\\/04\\\/ton-karta-2.jpg\",\"width\":350,\"height\":283,\"caption\":\"ton karta\"},{\"@type\":\"BreadcrumbList\",\"@id\":\"https:\\\/\\\/stolarija-puric.hr\\\/de\\\/andere\\\/farbpalette\\\/#breadcrumb\",\"itemListElement\":[{\"@type\":\"ListItem\",\"position\":1,\"name\":\"Startseite\",\"item\":\"https:\\\/\\\/stolarija-puric.hr\\\/de\\\/\"},{\"@type\":\"ListItem\",\"position\":2,\"name\":\"Andere\",\"item\":\"https:\\\/\\\/stolarija-puric.hr\\\/de\\\/andere\\\/\"},{\"@type\":\"ListItem\",\"position\":3,\"name\":\"Farbpalette\"}]},{\"@type\":\"WebSite\",\"@id\":\"https:\\\/\\\/stolarija-puric.hr\\\/de\\\/#website\",\"url\":\"https:\\\/\\\/stolarija-puric.hr\\\/de\\\/\",\"name\":\"Stolarija Puri\u0107\",\"description\":\"Pola stolje\u0107a vama na usluzi\",\"potentialAction\":[{\"@type\":\"SearchAction\",\"target\":{\"@type\":\"EntryPoint\",\"urlTemplate\":\"https:\\\/\\\/stolarija-puric.hr\\\/de\\\/?s={search_term_string}\"},\"query-input\":{\"@type\":\"PropertyValueSpecification\",\"valueRequired\":true,\"valueName\":\"search_term_string\"}}],\"inLanguage\":\"de\"}]}<\/script>\n<!-- \/ Yoast SEO plugin. -->","yoast_head_json":{"title":"Farbpalette - Stolarija Puri\u0107","robots":{"index":"index","follow":"follow","max-snippet":"max-snippet:-1","max-image-preview":"max-image-preview:large","max-video-preview":"max-video-preview:-1"},"canonical":"https:\/\/stolarija-puric.hr\/de\/andere\/farbpalette\/","og_locale":"de_DE","og_type":"article","og_title":"Farbpalette - Stolarija Puri\u0107","og_description":"Auf dem ersten Bild k\u00f6nnen Sie eine Vielfalt von Farben der Deckbeschichtungen und von transparenten Beschichtungen sehen. Die Deckschichtung bedeckt...","og_url":"https:\/\/stolarija-puric.hr\/de\/andere\/farbpalette\/","og_site_name":"Stolarija Puri\u0107","article_publisher":"https:\/\/www.facebook.com\/stolarija.puric","article_modified_time":"2022-09-05T11:19:17+00:00","og_image":[{"width":350,"height":283,"url":"https:\/\/stolarija-puric.hr\/wp-content\/uploads\/2020\/04\/ton-karta-2.jpg","type":"image\/jpeg"}],"twitter_card":"summary_large_image","schema":{"@context":"https:\/\/schema.org","@graph":[{"@type":"WebPage","@id":"https:\/\/stolarija-puric.hr\/de\/andere\/farbpalette\/","url":"https:\/\/stolarija-puric.hr\/de\/andere\/farbpalette\/","name":"Farbpalette - Stolarija Puri\u0107","isPartOf":{"@id":"https:\/\/stolarija-puric.hr\/de\/#website"},"primaryImageOfPage":{"@id":"https:\/\/stolarija-puric.hr\/de\/andere\/farbpalette\/#primaryimage"},"image":{"@id":"https:\/\/stolarija-puric.hr\/de\/andere\/farbpalette\/#primaryimage"},"thumbnailUrl":"https:\/\/stolarija-puric.hr\/wp-content\/uploads\/2020\/04\/ton-karta-2.jpg","datePublished":"2020-05-18T10:54:30+00:00","dateModified":"2022-09-05T11:19:17+00:00","breadcrumb":{"@id":"https:\/\/stolarija-puric.hr\/de\/andere\/farbpalette\/#breadcrumb"},"inLanguage":"de","potentialAction":[{"@type":"ReadAction","target":["https:\/\/stolarija-puric.hr\/de\/andere\/farbpalette\/"]}]},{"@type":"ImageObject","inLanguage":"de","@id":"https:\/\/stolarija-puric.hr\/de\/andere\/farbpalette\/#primaryimage","url":"https:\/\/stolarija-puric.hr\/wp-content\/uploads\/2020\/04\/ton-karta-2.jpg","contentUrl":"https:\/\/stolarija-puric.hr\/wp-content\/uploads\/2020\/04\/ton-karta-2.jpg","width":350,"height":283,"caption":"ton karta"},{"@type":"BreadcrumbList","@id":"https:\/\/stolarija-puric.hr\/de\/andere\/farbpalette\/#breadcrumb","itemListElement":[{"@type":"ListItem","position":1,"name":"Startseite","item":"https:\/\/stolarija-puric.hr\/de\/"},{"@type":"ListItem","position":2,"name":"Andere","item":"https:\/\/stolarija-puric.hr\/de\/andere\/"},{"@type":"ListItem","position":3,"name":"Farbpalette"}]},{"@type":"WebSite","@id":"https:\/\/stolarija-puric.hr\/de\/#website","url":"https:\/\/stolarija-puric.hr\/de\/","name":"Stolarija Puri\u0107","description":"Pola stolje\u0107a vama na usluzi","potentialAction":[{"@type":"SearchAction","target":{"@type":"EntryPoint","urlTemplate":"https:\/\/stolarija-puric.hr\/de\/?s={search_term_string}"},"query-input":{"@type":"PropertyValueSpecification","valueRequired":true,"valueName":"search_term_string"}}],"inLanguage":"de"}]}},"_links":{"self":[{"href":"https:\/\/stolarija-puric.hr\/de\/wp-json\/wp\/v2\/pages\/1841","targetHints":{"allow":["GET"]}}],"collection":[{"href":"https:\/\/stolarija-puric.hr\/de\/wp-json\/wp\/v2\/pages"}],"about":[{"href":"https:\/\/stolarija-puric.hr\/de\/wp-json\/wp\/v2\/types\/page"}],"author":[{"embeddable":true,"href":"https:\/\/stolarija-puric.hr\/de\/wp-json\/wp\/v2\/users\/1"}],"replies":[{"embeddable":true,"href":"https:\/\/stolarija-puric.hr\/de\/wp-json\/wp\/v2\/comments?post=1841"}],"version-history":[{"count":2,"href":"https:\/\/stolarija-puric.hr\/de\/wp-json\/wp\/v2\/pages\/1841\/revisions"}],"predecessor-version":[{"id":4130,"href":"https:\/\/stolarija-puric.hr\/de\/wp-json\/wp\/v2\/pages\/1841\/revisions\/4130"}],"up":[{"embeddable":true,"href":"https:\/\/stolarija-puric.hr\/de\/wp-json\/wp\/v2\/pages\/1839"}],"wp:featuredmedia":[{"embeddable":true,"href":"https:\/\/stolarija-puric.hr\/de\/wp-json\/wp\/v2\/media\/1645"}],"wp:attachment":[{"href":"https:\/\/stolarija-puric.hr\/de\/wp-json\/wp\/v2\/media?parent=1841"}],"curies":[{"name":"wp","href":"https:\/\/api.w.org\/{rel}","templated":true}]}}