{"id":1833,"date":"2020-05-18T12:44:04","date_gmt":"2020-05-18T10:44:04","guid":{"rendered":"https:\/\/stolarija-puric.hr\/?page_id=1833"},"modified":"2024-09-25T12:55:30","modified_gmt":"2024-09-25T10:55:30","slug":"kontakt","status":"publish","type":"page","link":"https:\/\/stolarija-puric.hr\/de\/kontakt\/","title":{"rendered":"Kontakt"},"content":{"rendered":"<p><b>STOLARIJA \u201cPURI\u0106\u201d, vl. Dejan Puri\u0107<\/b><br \/>\nVrtna ul. 12, \u010cehovec, 40323 Prelog<br \/>\nOIB: 50079345692<\/p>\n<p><strong>TECHNISCHE FRAGEN UND INFORMATIONEN<\/strong><br \/>\nDejan Puri\u0107, mag.ing.drv.tehn.<br \/>\n<b>E-mail:<\/b>\u00a0<a href=\"mailto:kontakt@stolarija-puric.hr\">kontakt@stolarija-puric.hr<\/a>\u00a0<\/p>\n<p><strong>VERKAUF<\/strong><br \/>\nVlado Puri\u0107<br \/>\n<b>E-mail:<\/b>\u00a0<a href=\"mailto:kontakt@stolarija-puric.hr\">kontakt@stolarija-puric.hr<\/a>\u00a0<\/p>\n<p>Bitte kontaktieren Sie uns per Telefon, wenn Sie eine Antwort innerhalb von 3 Werktagen empfangen, um zu sehen, wenn wir Ihre Nachricht (Spam-Filter und andere m\u00f6gliche Gr\u00fcnde) bekam.<br \/>\nUnsere Preisliste vor den T\u00fcren ist \u00f6ffentlich verf\u00fcgbar f\u00fcr alle Besucher, und die Preise der meisten Standardgr\u00f6\u00dfen k\u00f6nnen im Voraus angezeigt werden.<\/p>\n","protected":false},"excerpt":{"rendered":"<p>STOLARIJA \u201cPURI\u0106\u201d, vl. Dejan Puri\u0107 Vrtna ul. 12, \u010cehovec, 40323 Prelog OIB: 50079345692 TECHNISCHE FRAGEN UND INFORMATIONEN Dejan Puri\u0107, mag.ing.drv.tehn&#8230;.<\/p>\n","protected":false},"author":1,"featured_media":0,"parent":0,"menu_order":0,"comment_status":"closed","ping_status":"closed","template":"","meta":{"_acf_changed":false,"footnotes":""},"class_list":["post-1833","page","type-page","status-publish","hentry"],"acf":[],"yoast_head":"<!-- This site is optimized with the Yoast SEO plugin v27.4 - https:\/\/yoast.com\/product\/yoast-seo-wordpress\/ -->\n<title>Kontakt - Stolarija Puri\u0107<\/title>\n<meta name=\"robots\" content=\"index, follow, max-snippet:-1, max-image-preview:large, max-video-preview:-1\" \/>\n<link rel=\"canonical\" href=\"https:\/\/stolarija-puric.hr\/de\/kontakt\/\" \/>\n<meta property=\"og:locale\" content=\"de_DE\" \/>\n<meta property=\"og:type\" content=\"article\" \/>\n<meta property=\"og:title\" content=\"Kontakt - Stolarija Puri\u0107\" \/>\n<meta property=\"og:description\" content=\"STOLARIJA \u201cPURI\u0106\u201d, vl. Dejan Puri\u0107 Vrtna ul. 12, \u010cehovec, 40323 Prelog OIB: 50079345692 TECHNISCHE FRAGEN UND INFORMATIONEN Dejan Puri\u0107, mag.ing.drv.tehn....\" \/>\n<meta property=\"og:url\" content=\"https:\/\/stolarija-puric.hr\/de\/kontakt\/\" \/>\n<meta property=\"og:site_name\" content=\"Stolarija Puri\u0107\" \/>\n<meta property=\"article:publisher\" content=\"https:\/\/www.facebook.com\/stolarija.puric\" \/>\n<meta property=\"article:modified_time\" content=\"2024-09-25T10:55:30+00:00\" \/>\n<meta property=\"og:image\" content=\"https:\/\/stolarija-puric.hr\/wp-content\/uploads\/2020\/04\/klizna-stijena-13.jpg\" \/>\n\t<meta property=\"og:image:width\" content=\"1200\" \/>\n\t<meta property=\"og:image:height\" content=\"675\" \/>\n\t<meta property=\"og:image:type\" content=\"image\/jpeg\" \/>\n<meta name=\"twitter:card\" content=\"summary_large_image\" \/>\n<script type=\"application\/ld+json\" class=\"yoast-schema-graph\">{\"@context\":\"https:\\\/\\\/schema.org\",\"@graph\":[{\"@type\":\"WebPage\",\"@id\":\"https:\\\/\\\/stolarija-puric.hr\\\/de\\\/kontakt\\\/\",\"url\":\"https:\\\/\\\/stolarija-puric.hr\\\/de\\\/kontakt\\\/\",\"name\":\"Kontakt - Stolarija Puri\u0107\",\"isPartOf\":{\"@id\":\"https:\\\/\\\/stolarija-puric.hr\\\/de\\\/#website\"},\"datePublished\":\"2020-05-18T10:44:04+00:00\",\"dateModified\":\"2024-09-25T10:55:30+00:00\",\"breadcrumb\":{\"@id\":\"https:\\\/\\\/stolarija-puric.hr\\\/de\\\/kontakt\\\/#breadcrumb\"},\"inLanguage\":\"de\",\"potentialAction\":[{\"@type\":\"ReadAction\",\"target\":[\"https:\\\/\\\/stolarija-puric.hr\\\/de\\\/kontakt\\\/\"]}]},{\"@type\":\"BreadcrumbList\",\"@id\":\"https:\\\/\\\/stolarija-puric.hr\\\/de\\\/kontakt\\\/#breadcrumb\",\"itemListElement\":[{\"@type\":\"ListItem\",\"position\":1,\"name\":\"Startseite\",\"item\":\"https:\\\/\\\/stolarija-puric.hr\\\/de\\\/\"},{\"@type\":\"ListItem\",\"position\":2,\"name\":\"Kontakt\"}]},{\"@type\":\"WebSite\",\"@id\":\"https:\\\/\\\/stolarija-puric.hr\\\/de\\\/#website\",\"url\":\"https:\\\/\\\/stolarija-puric.hr\\\/de\\\/\",\"name\":\"Stolarija Puri\u0107\",\"description\":\"Pola stolje\u0107a vama na usluzi\",\"potentialAction\":[{\"@type\":\"SearchAction\",\"target\":{\"@type\":\"EntryPoint\",\"urlTemplate\":\"https:\\\/\\\/stolarija-puric.hr\\\/de\\\/?s={search_term_string}\"},\"query-input\":{\"@type\":\"PropertyValueSpecification\",\"valueRequired\":true,\"valueName\":\"search_term_string\"}}],\"inLanguage\":\"de\"}]}<\/script>\n<!-- \/ Yoast SEO plugin. -->","yoast_head_json":{"title":"Kontakt - Stolarija Puri\u0107","robots":{"index":"index","follow":"follow","max-snippet":"max-snippet:-1","max-image-preview":"max-image-preview:large","max-video-preview":"max-video-preview:-1"},"canonical":"https:\/\/stolarija-puric.hr\/de\/kontakt\/","og_locale":"de_DE","og_type":"article","og_title":"Kontakt - Stolarija Puri\u0107","og_description":"STOLARIJA \u201cPURI\u0106\u201d, vl. Dejan Puri\u0107 Vrtna ul. 12, \u010cehovec, 40323 Prelog OIB: 50079345692 TECHNISCHE FRAGEN UND INFORMATIONEN Dejan Puri\u0107, mag.ing.drv.tehn....","og_url":"https:\/\/stolarija-puric.hr\/de\/kontakt\/","og_site_name":"Stolarija Puri\u0107","article_publisher":"https:\/\/www.facebook.com\/stolarija.puric","article_modified_time":"2024-09-25T10:55:30+00:00","og_image":[{"width":1200,"height":675,"url":"https:\/\/stolarija-puric.hr\/wp-content\/uploads\/2020\/04\/klizna-stijena-13.jpg","type":"image\/jpeg"}],"twitter_card":"summary_large_image","schema":{"@context":"https:\/\/schema.org","@graph":[{"@type":"WebPage","@id":"https:\/\/stolarija-puric.hr\/de\/kontakt\/","url":"https:\/\/stolarija-puric.hr\/de\/kontakt\/","name":"Kontakt - Stolarija Puri\u0107","isPartOf":{"@id":"https:\/\/stolarija-puric.hr\/de\/#website"},"datePublished":"2020-05-18T10:44:04+00:00","dateModified":"2024-09-25T10:55:30+00:00","breadcrumb":{"@id":"https:\/\/stolarija-puric.hr\/de\/kontakt\/#breadcrumb"},"inLanguage":"de","potentialAction":[{"@type":"ReadAction","target":["https:\/\/stolarija-puric.hr\/de\/kontakt\/"]}]},{"@type":"BreadcrumbList","@id":"https:\/\/stolarija-puric.hr\/de\/kontakt\/#breadcrumb","itemListElement":[{"@type":"ListItem","position":1,"name":"Startseite","item":"https:\/\/stolarija-puric.hr\/de\/"},{"@type":"ListItem","position":2,"name":"Kontakt"}]},{"@type":"WebSite","@id":"https:\/\/stolarija-puric.hr\/de\/#website","url":"https:\/\/stolarija-puric.hr\/de\/","name":"Stolarija Puri\u0107","description":"Pola stolje\u0107a vama na usluzi","potentialAction":[{"@type":"SearchAction","target":{"@type":"EntryPoint","urlTemplate":"https:\/\/stolarija-puric.hr\/de\/?s={search_term_string}"},"query-input":{"@type":"PropertyValueSpecification","valueRequired":true,"valueName":"search_term_string"}}],"inLanguage":"de"}]}},"_links":{"self":[{"href":"https:\/\/stolarija-puric.hr\/de\/wp-json\/wp\/v2\/pages\/1833","targetHints":{"allow":["GET"]}}],"collection":[{"href":"https:\/\/stolarija-puric.hr\/de\/wp-json\/wp\/v2\/pages"}],"about":[{"href":"https:\/\/stolarija-puric.hr\/de\/wp-json\/wp\/v2\/types\/page"}],"author":[{"embeddable":true,"href":"https:\/\/stolarija-puric.hr\/de\/wp-json\/wp\/v2\/users\/1"}],"replies":[{"embeddable":true,"href":"https:\/\/stolarija-puric.hr\/de\/wp-json\/wp\/v2\/comments?post=1833"}],"version-history":[{"count":11,"href":"https:\/\/stolarija-puric.hr\/de\/wp-json\/wp\/v2\/pages\/1833\/revisions"}],"predecessor-version":[{"id":5719,"href":"https:\/\/stolarija-puric.hr\/de\/wp-json\/wp\/v2\/pages\/1833\/revisions\/5719"}],"wp:attachment":[{"href":"https:\/\/stolarija-puric.hr\/de\/wp-json\/wp\/v2\/media?parent=1833"}],"curies":[{"name":"wp","href":"https:\/\/api.w.org\/{rel}","templated":true}]}}