{"id":1831,"date":"2020-05-18T12:30:02","date_gmt":"2020-05-18T10:30:02","guid":{"rendered":"https:\/\/stolarija-puric.hr\/?page_id=1831"},"modified":"2020-05-18T12:30:02","modified_gmt":"2020-05-18T10:30:02","slug":"schiebewaende","status":"publish","type":"page","link":"https:\/\/stolarija-puric.hr\/de\/tischlerei\/schiebewaende\/","title":{"rendered":"Schiebew\u00e4nde"},"content":{"rendered":"<p>Wollen Sie viel Tageslicht in dem Raum und nebenbei auch einen freien und gro\u00dfen Durchgang auf die Terrasse, den Balkon und \u00c4hnliches, dann ist eine Schiebewand genau das Richtige f\u00fcr Sie. Mit Holzw\u00e4nden trennen wir oder verschlie\u00dfen gro\u00dfe Bau\u00f6ffnungen. Holzw\u00e4nde verleihen den R\u00e4umen ein optisch gr\u00f6\u00dferes Erscheinungsbild. Die W\u00e4nde k\u00f6nnen aus feststehenden Feldern bestehen sowie aus den Teilen, dessen Fl\u00fcgel bis zur 2 m Breite er\u00f6ffnet werden k\u00f6nnen. Hochwertiger Beschlag erm\u00f6glicht einen einwandfreien Ablauf, auch bei Produkten solcher Komplexit\u00e4t und Gr\u00f6\u00dfe.<\/p>\n","protected":false},"excerpt":{"rendered":"<p>Wollen Sie viel Tageslicht in dem Raum und nebenbei auch einen freien und gro\u00dfen Durchgang auf die Terrasse, den Balkon&#8230;<\/p>\n","protected":false},"author":1,"featured_media":1992,"parent":308,"menu_order":3,"comment_status":"closed","ping_status":"closed","template":"page-stolarija.php","meta":{"_acf_changed":false,"footnotes":""},"class_list":["post-1831","page","type-page","status-publish","has-post-thumbnail","hentry"],"acf":[],"yoast_head":"<!-- This site is optimized with the Yoast SEO plugin v27.4 - https:\/\/yoast.com\/product\/yoast-seo-wordpress\/ -->\n<title>Schiebew\u00e4nde - Stolarija Puri\u0107<\/title>\n<meta name=\"robots\" content=\"index, follow, max-snippet:-1, max-image-preview:large, max-video-preview:-1\" \/>\n<link rel=\"canonical\" href=\"https:\/\/stolarija-puric.hr\/de\/tischlerei\/schiebewaende\/\" \/>\n<meta property=\"og:locale\" content=\"de_DE\" \/>\n<meta property=\"og:type\" content=\"article\" \/>\n<meta property=\"og:title\" content=\"Schiebew\u00e4nde - Stolarija Puri\u0107\" \/>\n<meta property=\"og:description\" content=\"Wollen Sie viel Tageslicht in dem Raum und nebenbei auch einen freien und gro\u00dfen Durchgang auf die Terrasse, den Balkon...\" \/>\n<meta property=\"og:url\" content=\"https:\/\/stolarija-puric.hr\/de\/tischlerei\/schiebewaende\/\" \/>\n<meta property=\"og:site_name\" content=\"Stolarija Puri\u0107\" \/>\n<meta property=\"article:publisher\" content=\"https:\/\/www.facebook.com\/stolarija.puric\" \/>\n<meta property=\"og:image\" content=\"https:\/\/stolarija-puric.hr\/wp-content\/uploads\/2020\/05\/cat-klizna-stijena.jpg\" \/>\n\t<meta property=\"og:image:width\" content=\"350\" \/>\n\t<meta property=\"og:image:height\" content=\"418\" \/>\n\t<meta property=\"og:image:type\" content=\"image\/jpeg\" \/>\n<meta name=\"twitter:card\" content=\"summary_large_image\" \/>\n<script type=\"application\/ld+json\" class=\"yoast-schema-graph\">{\"@context\":\"https:\\\/\\\/schema.org\",\"@graph\":[{\"@type\":\"WebPage\",\"@id\":\"https:\\\/\\\/stolarija-puric.hr\\\/de\\\/tischlerei\\\/schiebewaende\\\/\",\"url\":\"https:\\\/\\\/stolarija-puric.hr\\\/de\\\/tischlerei\\\/schiebewaende\\\/\",\"name\":\"Schiebew\u00e4nde - Stolarija Puri\u0107\",\"isPartOf\":{\"@id\":\"https:\\\/\\\/stolarija-puric.hr\\\/de\\\/#website\"},\"primaryImageOfPage\":{\"@id\":\"https:\\\/\\\/stolarija-puric.hr\\\/de\\\/tischlerei\\\/schiebewaende\\\/#primaryimage\"},\"image\":{\"@id\":\"https:\\\/\\\/stolarija-puric.hr\\\/de\\\/tischlerei\\\/schiebewaende\\\/#primaryimage\"},\"thumbnailUrl\":\"https:\\\/\\\/stolarija-puric.hr\\\/wp-content\\\/uploads\\\/2020\\\/05\\\/cat-klizna-stijena.jpg\",\"datePublished\":\"2020-05-18T10:30:02+00:00\",\"breadcrumb\":{\"@id\":\"https:\\\/\\\/stolarija-puric.hr\\\/de\\\/tischlerei\\\/schiebewaende\\\/#breadcrumb\"},\"inLanguage\":\"de\",\"potentialAction\":[{\"@type\":\"ReadAction\",\"target\":[\"https:\\\/\\\/stolarija-puric.hr\\\/de\\\/tischlerei\\\/schiebewaende\\\/\"]}]},{\"@type\":\"ImageObject\",\"inLanguage\":\"de\",\"@id\":\"https:\\\/\\\/stolarija-puric.hr\\\/de\\\/tischlerei\\\/schiebewaende\\\/#primaryimage\",\"url\":\"https:\\\/\\\/stolarija-puric.hr\\\/wp-content\\\/uploads\\\/2020\\\/05\\\/cat-klizna-stijena.jpg\",\"contentUrl\":\"https:\\\/\\\/stolarija-puric.hr\\\/wp-content\\\/uploads\\\/2020\\\/05\\\/cat-klizna-stijena.jpg\",\"width\":350,\"height\":418,\"caption\":\"klizna-stijena\"},{\"@type\":\"BreadcrumbList\",\"@id\":\"https:\\\/\\\/stolarija-puric.hr\\\/de\\\/tischlerei\\\/schiebewaende\\\/#breadcrumb\",\"itemListElement\":[{\"@type\":\"ListItem\",\"position\":1,\"name\":\"Startseite\",\"item\":\"https:\\\/\\\/stolarija-puric.hr\\\/de\\\/\"},{\"@type\":\"ListItem\",\"position\":2,\"name\":\"Tischlerei\",\"item\":\"https:\\\/\\\/stolarija-puric.hr\\\/de\\\/tischlerei\\\/\"},{\"@type\":\"ListItem\",\"position\":3,\"name\":\"Schiebew\u00e4nde\"}]},{\"@type\":\"WebSite\",\"@id\":\"https:\\\/\\\/stolarija-puric.hr\\\/de\\\/#website\",\"url\":\"https:\\\/\\\/stolarija-puric.hr\\\/de\\\/\",\"name\":\"Stolarija Puri\u0107\",\"description\":\"Pola stolje\u0107a vama na usluzi\",\"potentialAction\":[{\"@type\":\"SearchAction\",\"target\":{\"@type\":\"EntryPoint\",\"urlTemplate\":\"https:\\\/\\\/stolarija-puric.hr\\\/de\\\/?s={search_term_string}\"},\"query-input\":{\"@type\":\"PropertyValueSpecification\",\"valueRequired\":true,\"valueName\":\"search_term_string\"}}],\"inLanguage\":\"de\"}]}<\/script>\n<!-- \/ Yoast SEO plugin. -->","yoast_head_json":{"title":"Schiebew\u00e4nde - Stolarija Puri\u0107","robots":{"index":"index","follow":"follow","max-snippet":"max-snippet:-1","max-image-preview":"max-image-preview:large","max-video-preview":"max-video-preview:-1"},"canonical":"https:\/\/stolarija-puric.hr\/de\/tischlerei\/schiebewaende\/","og_locale":"de_DE","og_type":"article","og_title":"Schiebew\u00e4nde - Stolarija Puri\u0107","og_description":"Wollen Sie viel Tageslicht in dem Raum und nebenbei auch einen freien und gro\u00dfen Durchgang auf die Terrasse, den Balkon...","og_url":"https:\/\/stolarija-puric.hr\/de\/tischlerei\/schiebewaende\/","og_site_name":"Stolarija Puri\u0107","article_publisher":"https:\/\/www.facebook.com\/stolarija.puric","og_image":[{"width":350,"height":418,"url":"https:\/\/stolarija-puric.hr\/wp-content\/uploads\/2020\/05\/cat-klizna-stijena.jpg","type":"image\/jpeg"}],"twitter_card":"summary_large_image","schema":{"@context":"https:\/\/schema.org","@graph":[{"@type":"WebPage","@id":"https:\/\/stolarija-puric.hr\/de\/tischlerei\/schiebewaende\/","url":"https:\/\/stolarija-puric.hr\/de\/tischlerei\/schiebewaende\/","name":"Schiebew\u00e4nde - Stolarija Puri\u0107","isPartOf":{"@id":"https:\/\/stolarija-puric.hr\/de\/#website"},"primaryImageOfPage":{"@id":"https:\/\/stolarija-puric.hr\/de\/tischlerei\/schiebewaende\/#primaryimage"},"image":{"@id":"https:\/\/stolarija-puric.hr\/de\/tischlerei\/schiebewaende\/#primaryimage"},"thumbnailUrl":"https:\/\/stolarija-puric.hr\/wp-content\/uploads\/2020\/05\/cat-klizna-stijena.jpg","datePublished":"2020-05-18T10:30:02+00:00","breadcrumb":{"@id":"https:\/\/stolarija-puric.hr\/de\/tischlerei\/schiebewaende\/#breadcrumb"},"inLanguage":"de","potentialAction":[{"@type":"ReadAction","target":["https:\/\/stolarija-puric.hr\/de\/tischlerei\/schiebewaende\/"]}]},{"@type":"ImageObject","inLanguage":"de","@id":"https:\/\/stolarija-puric.hr\/de\/tischlerei\/schiebewaende\/#primaryimage","url":"https:\/\/stolarija-puric.hr\/wp-content\/uploads\/2020\/05\/cat-klizna-stijena.jpg","contentUrl":"https:\/\/stolarija-puric.hr\/wp-content\/uploads\/2020\/05\/cat-klizna-stijena.jpg","width":350,"height":418,"caption":"klizna-stijena"},{"@type":"BreadcrumbList","@id":"https:\/\/stolarija-puric.hr\/de\/tischlerei\/schiebewaende\/#breadcrumb","itemListElement":[{"@type":"ListItem","position":1,"name":"Startseite","item":"https:\/\/stolarija-puric.hr\/de\/"},{"@type":"ListItem","position":2,"name":"Tischlerei","item":"https:\/\/stolarija-puric.hr\/de\/tischlerei\/"},{"@type":"ListItem","position":3,"name":"Schiebew\u00e4nde"}]},{"@type":"WebSite","@id":"https:\/\/stolarija-puric.hr\/de\/#website","url":"https:\/\/stolarija-puric.hr\/de\/","name":"Stolarija Puri\u0107","description":"Pola stolje\u0107a vama na usluzi","potentialAction":[{"@type":"SearchAction","target":{"@type":"EntryPoint","urlTemplate":"https:\/\/stolarija-puric.hr\/de\/?s={search_term_string}"},"query-input":{"@type":"PropertyValueSpecification","valueRequired":true,"valueName":"search_term_string"}}],"inLanguage":"de"}]}},"_links":{"self":[{"href":"https:\/\/stolarija-puric.hr\/de\/wp-json\/wp\/v2\/pages\/1831","targetHints":{"allow":["GET"]}}],"collection":[{"href":"https:\/\/stolarija-puric.hr\/de\/wp-json\/wp\/v2\/pages"}],"about":[{"href":"https:\/\/stolarija-puric.hr\/de\/wp-json\/wp\/v2\/types\/page"}],"author":[{"embeddable":true,"href":"https:\/\/stolarija-puric.hr\/de\/wp-json\/wp\/v2\/users\/1"}],"replies":[{"embeddable":true,"href":"https:\/\/stolarija-puric.hr\/de\/wp-json\/wp\/v2\/comments?post=1831"}],"version-history":[{"count":0,"href":"https:\/\/stolarija-puric.hr\/de\/wp-json\/wp\/v2\/pages\/1831\/revisions"}],"up":[{"embeddable":true,"href":"https:\/\/stolarija-puric.hr\/de\/wp-json\/wp\/v2\/pages\/308"}],"wp:featuredmedia":[{"embeddable":true,"href":"https:\/\/stolarija-puric.hr\/de\/wp-json\/wp\/v2\/media\/1992"}],"wp:attachment":[{"href":"https:\/\/stolarija-puric.hr\/de\/wp-json\/wp\/v2\/media?parent=1831"}],"curies":[{"name":"wp","href":"https:\/\/api.w.org\/{rel}","templated":true}]}}