{"id":1823,"date":"2020-05-18T11:36:58","date_gmt":"2020-05-18T09:36:58","guid":{"rendered":"https:\/\/stolarija-puric.hr\/?page_id=1823"},"modified":"2020-05-18T11:36:58","modified_gmt":"2020-05-18T09:36:58","slug":"profile-schreinerei","status":"publish","type":"page","link":"https:\/\/stolarija-puric.hr\/de\/andere\/profile-schreinerei\/","title":{"rendered":"Profile Schreinerei"},"content":{"rendered":"<p>Die Fenster erm\u00f6glichen eine visuelle Verbindung zwischen dem Innen- und Au\u00dfenraum, so k\u00f6nnen gar die ganzen W\u00e4nde in einem Raum aus Fenstern bestehen. Das Fenster ist auf einem Geb\u00e4ude ein wichtiges architektonisches Element und tr\u00e4gt daher wesentlich seiner Optik bei. Die Aufgabe der Fenster ist das Licht und die Strahlung in den Raum durchzulassen. Zugleich sch\u00fctzen sie uns vor den \u00e4u\u00dferen Bedingungen wie z. B. vorm L\u00e4rm, K\u00e4lte, W\u00e4rme, Regen aber auch vor dem Einbruch. Um das Holz zu produzieren, werden keine zus\u00e4tzlichen Rohstoffe ben\u00f6tig, da ein Baum mithilfe von Sonnenenergie w\u00e4chst. Das Holz und Holzelemente erfordern f\u00fcr die Aufbereitung, Verarbeitung, Herstellung und auch f\u00fcr die Zerst\u00f6rung, nach der Anwendung, unter allen Baumaterialien am wenigsten Energie.<\/p>\n\n<style>\n.galerija {\n    width: 100%;\n}\n<\/style>\n\t\t\t<ul class='galerija list-inline list-unstyled'>\n\n\t\t\t\t\n\t\t\t\t<li class=\"col-md-4 col-6 thumb-wrapper\">\n\t\t\t\t\t<a class=\"fancybox\" data-fancybox=\"group\" href=\"https:\/\/stolarija-puric.hr\/wp-content\/uploads\/2019\/12\/presjek.jpg\" data-caption=\"\">\n\t\t\t\t\t\t<img decoding=\"async\" class=\"thumb img-responsive\" src=\"https:\/\/stolarija-puric.hr\/wp-content\/uploads\/2019\/12\/presjek-370x280.jpg\" alt=\"presjek\">\n\t\t\t\t\t\t<div class=\"desc\"><\/div>\n\t\t\t\t\t<\/a>\n\t\t\t\t<\/li>\n\n\t\t\t\t\t\t\t<\/ul>\n\t\t\t\n","protected":false},"excerpt":{"rendered":"<p>Die Fenster erm\u00f6glichen eine visuelle Verbindung zwischen dem Innen- und Au\u00dfenraum, so k\u00f6nnen gar die ganzen W\u00e4nde in einem Raum&#8230;<\/p>\n","protected":false},"author":1,"featured_media":1642,"parent":1839,"menu_order":0,"comment_status":"closed","ping_status":"closed","template":"","meta":{"_acf_changed":false,"footnotes":""},"class_list":["post-1823","page","type-page","status-publish","has-post-thumbnail","hentry"],"acf":[],"yoast_head":"<!-- This site is optimized with the Yoast SEO plugin v27.4 - https:\/\/yoast.com\/product\/yoast-seo-wordpress\/ -->\n<title>Profile Schreinerei - Stolarija Puri\u0107<\/title>\n<meta name=\"robots\" content=\"index, follow, max-snippet:-1, max-image-preview:large, max-video-preview:-1\" \/>\n<link rel=\"canonical\" href=\"https:\/\/stolarija-puric.hr\/de\/andere\/profile-schreinerei\/\" \/>\n<meta property=\"og:locale\" content=\"de_DE\" \/>\n<meta property=\"og:type\" content=\"article\" \/>\n<meta property=\"og:title\" content=\"Profile Schreinerei - Stolarija Puri\u0107\" \/>\n<meta property=\"og:description\" content=\"Die Fenster erm\u00f6glichen eine visuelle Verbindung zwischen dem Innen- und Au\u00dfenraum, so k\u00f6nnen gar die ganzen W\u00e4nde in einem Raum...\" \/>\n<meta property=\"og:url\" content=\"https:\/\/stolarija-puric.hr\/de\/andere\/profile-schreinerei\/\" \/>\n<meta property=\"og:site_name\" content=\"Stolarija Puri\u0107\" \/>\n<meta property=\"article:publisher\" content=\"https:\/\/www.facebook.com\/stolarija.puric\" \/>\n<meta property=\"og:image\" content=\"https:\/\/stolarija-puric.hr\/wp-content\/uploads\/2020\/04\/presjek-profila.jpg\" \/>\n\t<meta property=\"og:image:width\" content=\"350\" \/>\n\t<meta property=\"og:image:height\" content=\"350\" \/>\n\t<meta property=\"og:image:type\" content=\"image\/jpeg\" \/>\n<meta name=\"twitter:card\" content=\"summary_large_image\" \/>\n<script type=\"application\/ld+json\" class=\"yoast-schema-graph\">{\"@context\":\"https:\\\/\\\/schema.org\",\"@graph\":[{\"@type\":\"WebPage\",\"@id\":\"https:\\\/\\\/stolarija-puric.hr\\\/de\\\/andere\\\/profile-schreinerei\\\/\",\"url\":\"https:\\\/\\\/stolarija-puric.hr\\\/de\\\/andere\\\/profile-schreinerei\\\/\",\"name\":\"Profile Schreinerei - Stolarija Puri\u0107\",\"isPartOf\":{\"@id\":\"https:\\\/\\\/stolarija-puric.hr\\\/de\\\/#website\"},\"primaryImageOfPage\":{\"@id\":\"https:\\\/\\\/stolarija-puric.hr\\\/de\\\/andere\\\/profile-schreinerei\\\/#primaryimage\"},\"image\":{\"@id\":\"https:\\\/\\\/stolarija-puric.hr\\\/de\\\/andere\\\/profile-schreinerei\\\/#primaryimage\"},\"thumbnailUrl\":\"https:\\\/\\\/stolarija-puric.hr\\\/wp-content\\\/uploads\\\/2020\\\/04\\\/presjek-profila.jpg\",\"datePublished\":\"2020-05-18T09:36:58+00:00\",\"breadcrumb\":{\"@id\":\"https:\\\/\\\/stolarija-puric.hr\\\/de\\\/andere\\\/profile-schreinerei\\\/#breadcrumb\"},\"inLanguage\":\"de\",\"potentialAction\":[{\"@type\":\"ReadAction\",\"target\":[\"https:\\\/\\\/stolarija-puric.hr\\\/de\\\/andere\\\/profile-schreinerei\\\/\"]}]},{\"@type\":\"ImageObject\",\"inLanguage\":\"de\",\"@id\":\"https:\\\/\\\/stolarija-puric.hr\\\/de\\\/andere\\\/profile-schreinerei\\\/#primaryimage\",\"url\":\"https:\\\/\\\/stolarija-puric.hr\\\/wp-content\\\/uploads\\\/2020\\\/04\\\/presjek-profila.jpg\",\"contentUrl\":\"https:\\\/\\\/stolarija-puric.hr\\\/wp-content\\\/uploads\\\/2020\\\/04\\\/presjek-profila.jpg\",\"width\":350,\"height\":350,\"caption\":\"presjek profila\"},{\"@type\":\"BreadcrumbList\",\"@id\":\"https:\\\/\\\/stolarija-puric.hr\\\/de\\\/andere\\\/profile-schreinerei\\\/#breadcrumb\",\"itemListElement\":[{\"@type\":\"ListItem\",\"position\":1,\"name\":\"Startseite\",\"item\":\"https:\\\/\\\/stolarija-puric.hr\\\/de\\\/\"},{\"@type\":\"ListItem\",\"position\":2,\"name\":\"Andere\",\"item\":\"https:\\\/\\\/stolarija-puric.hr\\\/de\\\/andere\\\/\"},{\"@type\":\"ListItem\",\"position\":3,\"name\":\"Profile Schreinerei\"}]},{\"@type\":\"WebSite\",\"@id\":\"https:\\\/\\\/stolarija-puric.hr\\\/de\\\/#website\",\"url\":\"https:\\\/\\\/stolarija-puric.hr\\\/de\\\/\",\"name\":\"Stolarija Puri\u0107\",\"description\":\"Pola stolje\u0107a vama na usluzi\",\"potentialAction\":[{\"@type\":\"SearchAction\",\"target\":{\"@type\":\"EntryPoint\",\"urlTemplate\":\"https:\\\/\\\/stolarija-puric.hr\\\/de\\\/?s={search_term_string}\"},\"query-input\":{\"@type\":\"PropertyValueSpecification\",\"valueRequired\":true,\"valueName\":\"search_term_string\"}}],\"inLanguage\":\"de\"}]}<\/script>\n<!-- \/ Yoast SEO plugin. -->","yoast_head_json":{"title":"Profile Schreinerei - Stolarija Puri\u0107","robots":{"index":"index","follow":"follow","max-snippet":"max-snippet:-1","max-image-preview":"max-image-preview:large","max-video-preview":"max-video-preview:-1"},"canonical":"https:\/\/stolarija-puric.hr\/de\/andere\/profile-schreinerei\/","og_locale":"de_DE","og_type":"article","og_title":"Profile Schreinerei - Stolarija Puri\u0107","og_description":"Die Fenster erm\u00f6glichen eine visuelle Verbindung zwischen dem Innen- und Au\u00dfenraum, so k\u00f6nnen gar die ganzen W\u00e4nde in einem Raum...","og_url":"https:\/\/stolarija-puric.hr\/de\/andere\/profile-schreinerei\/","og_site_name":"Stolarija Puri\u0107","article_publisher":"https:\/\/www.facebook.com\/stolarija.puric","og_image":[{"width":350,"height":350,"url":"https:\/\/stolarija-puric.hr\/wp-content\/uploads\/2020\/04\/presjek-profila.jpg","type":"image\/jpeg"}],"twitter_card":"summary_large_image","schema":{"@context":"https:\/\/schema.org","@graph":[{"@type":"WebPage","@id":"https:\/\/stolarija-puric.hr\/de\/andere\/profile-schreinerei\/","url":"https:\/\/stolarija-puric.hr\/de\/andere\/profile-schreinerei\/","name":"Profile Schreinerei - Stolarija Puri\u0107","isPartOf":{"@id":"https:\/\/stolarija-puric.hr\/de\/#website"},"primaryImageOfPage":{"@id":"https:\/\/stolarija-puric.hr\/de\/andere\/profile-schreinerei\/#primaryimage"},"image":{"@id":"https:\/\/stolarija-puric.hr\/de\/andere\/profile-schreinerei\/#primaryimage"},"thumbnailUrl":"https:\/\/stolarija-puric.hr\/wp-content\/uploads\/2020\/04\/presjek-profila.jpg","datePublished":"2020-05-18T09:36:58+00:00","breadcrumb":{"@id":"https:\/\/stolarija-puric.hr\/de\/andere\/profile-schreinerei\/#breadcrumb"},"inLanguage":"de","potentialAction":[{"@type":"ReadAction","target":["https:\/\/stolarija-puric.hr\/de\/andere\/profile-schreinerei\/"]}]},{"@type":"ImageObject","inLanguage":"de","@id":"https:\/\/stolarija-puric.hr\/de\/andere\/profile-schreinerei\/#primaryimage","url":"https:\/\/stolarija-puric.hr\/wp-content\/uploads\/2020\/04\/presjek-profila.jpg","contentUrl":"https:\/\/stolarija-puric.hr\/wp-content\/uploads\/2020\/04\/presjek-profila.jpg","width":350,"height":350,"caption":"presjek profila"},{"@type":"BreadcrumbList","@id":"https:\/\/stolarija-puric.hr\/de\/andere\/profile-schreinerei\/#breadcrumb","itemListElement":[{"@type":"ListItem","position":1,"name":"Startseite","item":"https:\/\/stolarija-puric.hr\/de\/"},{"@type":"ListItem","position":2,"name":"Andere","item":"https:\/\/stolarija-puric.hr\/de\/andere\/"},{"@type":"ListItem","position":3,"name":"Profile Schreinerei"}]},{"@type":"WebSite","@id":"https:\/\/stolarija-puric.hr\/de\/#website","url":"https:\/\/stolarija-puric.hr\/de\/","name":"Stolarija Puri\u0107","description":"Pola stolje\u0107a vama na usluzi","potentialAction":[{"@type":"SearchAction","target":{"@type":"EntryPoint","urlTemplate":"https:\/\/stolarija-puric.hr\/de\/?s={search_term_string}"},"query-input":{"@type":"PropertyValueSpecification","valueRequired":true,"valueName":"search_term_string"}}],"inLanguage":"de"}]}},"_links":{"self":[{"href":"https:\/\/stolarija-puric.hr\/de\/wp-json\/wp\/v2\/pages\/1823","targetHints":{"allow":["GET"]}}],"collection":[{"href":"https:\/\/stolarija-puric.hr\/de\/wp-json\/wp\/v2\/pages"}],"about":[{"href":"https:\/\/stolarija-puric.hr\/de\/wp-json\/wp\/v2\/types\/page"}],"author":[{"embeddable":true,"href":"https:\/\/stolarija-puric.hr\/de\/wp-json\/wp\/v2\/users\/1"}],"replies":[{"embeddable":true,"href":"https:\/\/stolarija-puric.hr\/de\/wp-json\/wp\/v2\/comments?post=1823"}],"version-history":[{"count":0,"href":"https:\/\/stolarija-puric.hr\/de\/wp-json\/wp\/v2\/pages\/1823\/revisions"}],"up":[{"embeddable":true,"href":"https:\/\/stolarija-puric.hr\/de\/wp-json\/wp\/v2\/pages\/1839"}],"wp:featuredmedia":[{"embeddable":true,"href":"https:\/\/stolarija-puric.hr\/de\/wp-json\/wp\/v2\/media\/1642"}],"wp:attachment":[{"href":"https:\/\/stolarija-puric.hr\/de\/wp-json\/wp\/v2\/media?parent=1823"}],"curies":[{"name":"wp","href":"https:\/\/api.w.org\/{rel}","templated":true}]}}